{"id":10141,"date":"2024-10-06T15:43:35","date_gmt":"2024-10-06T13:43:35","guid":{"rendered":"https:\/\/www.jugendfussball-wendelstein.de\/wordpress\/?page_id=10141"},"modified":"2026-01-28T11:49:40","modified_gmt":"2026-01-28T10:49:40","slug":"u17-2","status":"publish","type":"page","link":"https:\/\/www.jugendfussball-wendelstein.de\/wordpress\/u17-2\/","title":{"rendered":"U17 Landesliga"},"content":{"rendered":"<p><script type='text\/javascript' src=\"https:\/\/widget-prod.bfv.de\/widget\/widgetresource\/widgetjs\"><\/script><\/p>\n\n\n\n\n\n\n\n\n\n\n\n\n<div class=\"wp-block-columns is-layout-flex wp-container-core-columns-is-layout-28f84493 wp-block-columns-is-layout-flex\">\n<div class=\"wp-block-column is-layout-flow wp-block-column-is-layout-flow\" style=\"flex-basis:100%\">\n<h2>Aktuelle Infos rund um unsere U17 Saison 2025\/26:<\/h2>\n\n\n\n<div class=\"wp-block-query is-layout-flow wp-block-query-is-layout-flow\"><ul class=\"wp-block-post-template is-layout-flow wp-block-post-template-is-layout-flow\"><li class=\"wp-block-post post-13283 post type-post status-publish format-standard has-post-thumbnail hentry category-26-team-u17-1 category-allgemein\">\n\n<div class=\"wp-block-columns alignwide is-layout-flex wp-container-core-columns-is-layout-28f84493 wp-block-columns-is-layout-flex\">\n<div class=\"wp-block-column is-layout-flow wp-block-column-is-layout-flow\" style=\"flex-basis:66.66%\"><figure class=\"wp-block-post-featured-image\"><a href=\"https:\/\/www.jugendfussball-wendelstein.de\/wordpress\/nachholspiel-derbytime-in-wendelstein\/\" target=\"_self\"  ><img loading=\"lazy\" decoding=\"async\" width=\"1500\" height=\"637\" src=\"https:\/\/www.jugendfussball-wendelstein.de\/wordpress\/wp-content\/uploads\/2026\/03\/123.jpg\" class=\"attachment-post-thumbnail size-post-thumbnail wp-post-image\" alt=\"Nachholspiel &#038; Derbytime in Wendelstein!\" style=\"object-fit:cover;\" srcset=\"https:\/\/www.jugendfussball-wendelstein.de\/wordpress\/wp-content\/uploads\/2026\/03\/123.jpg 1500w, https:\/\/www.jugendfussball-wendelstein.de\/wordpress\/wp-content\/uploads\/2026\/03\/123-350x149.jpg 350w, https:\/\/www.jugendfussball-wendelstein.de\/wordpress\/wp-content\/uploads\/2026\/03\/123-1024x435.jpg 1024w, https:\/\/www.jugendfussball-wendelstein.de\/wordpress\/wp-content\/uploads\/2026\/03\/123-768x326.jpg 768w, https:\/\/www.jugendfussball-wendelstein.de\/wordpress\/wp-content\/uploads\/2026\/03\/123-940x400.jpg 940w\" sizes=\"(max-width: 1500px) 100vw, 1500px\" \/><\/a><\/figure><\/div>\n\n\n\n<div class=\"wp-block-column is-layout-flow wp-block-column-is-layout-flow\" style=\"flex-basis:33.33%\"><h2 class=\"wp-block-post-title\"><a href=\"https:\/\/www.jugendfussball-wendelstein.de\/wordpress\/nachholspiel-derbytime-in-wendelstein\/\" target=\"_self\" >Nachholspiel &#038; Derbytime in Wendelstein!<\/a><\/h2>\n\n<div class=\"wp-block-post-excerpt\"><p class=\"wp-block-post-excerpt__excerpt\">Nachdem witterungsbedingt das Spiel im November abgesagt wurde, kommt es am Mittwoch 25.3 um 18:30 Uhr auf dem Gel\u00e4nde des FV Wendelstein (Mozartstrasse 72, 90530 Wendelstein) zum Nachholspiel der U17 Jugend. Unterschiedlicher k\u00f6nnen die Voraussetzungen nicht sein, M\u00f6geldorf mit dem R\u00fccken zur Wand, f\u00fcr die jeder Punkt wichtig gegen den Abstieg sein wird und auf&hellip; <\/p><\/div><\/div>\n<\/div>\n\n<\/li><li class=\"wp-block-post post-13162 post type-post status-publish format-standard has-post-thumbnail hentry category-26-team-u17-1 category-allgemein\">\n\n<div class=\"wp-block-columns alignwide is-layout-flex wp-container-core-columns-is-layout-28f84493 wp-block-columns-is-layout-flex\">\n<div class=\"wp-block-column is-layout-flow wp-block-column-is-layout-flow\" style=\"flex-basis:66.66%\"><figure class=\"wp-block-post-featured-image\"><a href=\"https:\/\/www.jugendfussball-wendelstein.de\/wordpress\/bezirksmeisterschaft-der-u17-in-graefenberg\/\" target=\"_self\"  ><img loading=\"lazy\" decoding=\"async\" width=\"2560\" height=\"1920\" src=\"https:\/\/www.jugendfussball-wendelstein.de\/wordpress\/wp-content\/uploads\/2026\/01\/image0-scaled.jpeg\" class=\"attachment-post-thumbnail size-post-thumbnail wp-post-image\" alt=\"Bezirksmeisterschaft der U17 in Gr\u00e4fenberg\" style=\"object-fit:cover;\" srcset=\"https:\/\/www.jugendfussball-wendelstein.de\/wordpress\/wp-content\/uploads\/2026\/01\/image0-scaled.jpeg 2560w, https:\/\/www.jugendfussball-wendelstein.de\/wordpress\/wp-content\/uploads\/2026\/01\/image0-350x263.jpeg 350w, https:\/\/www.jugendfussball-wendelstein.de\/wordpress\/wp-content\/uploads\/2026\/01\/image0-1024x768.jpeg 1024w, https:\/\/www.jugendfussball-wendelstein.de\/wordpress\/wp-content\/uploads\/2026\/01\/image0-768x576.jpeg 768w, https:\/\/www.jugendfussball-wendelstein.de\/wordpress\/wp-content\/uploads\/2026\/01\/image0-1536x1152.jpeg 1536w, https:\/\/www.jugendfussball-wendelstein.de\/wordpress\/wp-content\/uploads\/2026\/01\/image0-2048x1536.jpeg 2048w, https:\/\/www.jugendfussball-wendelstein.de\/wordpress\/wp-content\/uploads\/2026\/01\/image0-1440x1080.jpeg 1440w\" sizes=\"(max-width: 2560px) 100vw, 2560px\" \/><\/a><\/figure><\/div>\n\n\n\n<div class=\"wp-block-column is-layout-flow wp-block-column-is-layout-flow\" style=\"flex-basis:33.33%\"><h2 class=\"wp-block-post-title\"><a href=\"https:\/\/www.jugendfussball-wendelstein.de\/wordpress\/bezirksmeisterschaft-der-u17-in-graefenberg\/\" target=\"_self\" >Bezirksmeisterschaft der U17 in Gr\u00e4fenberg<\/a><\/h2>\n\n<div class=\"wp-block-post-excerpt\"><p class=\"wp-block-post-excerpt__excerpt\">Am zur\u00fcckliegenden Wochenende wurde die U17 der JFG Wendelstein Hallenkreismeister. Im Finale setzte man sich gegen den Gastgeber aus Wei\u00dfenburg mit 3:2 durch! Somit qualifizierten sich die Jungs f\u00fcr die morgen stattfindende Bezirksmeisterschaft. Start ist am Samstag 31.1 um 13:00 Uhr, Kasberger Strasse 33 in 91322 Gr\u00e4fenberg. Das Team, Co-Trainer Marko Todic und Cheftrainer Julian&hellip; <\/p><\/div><\/div>\n<\/div>\n\n<\/li><li class=\"wp-block-post post-12889 post type-post status-publish format-standard has-post-thumbnail hentry category-26-team-u17-1 category-allgemein\">\n\n<div class=\"wp-block-columns alignwide is-layout-flex wp-container-core-columns-is-layout-28f84493 wp-block-columns-is-layout-flex\">\n<div class=\"wp-block-column is-layout-flow wp-block-column-is-layout-flow\" style=\"flex-basis:66.66%\"><figure class=\"wp-block-post-featured-image\"><a href=\"https:\/\/www.jugendfussball-wendelstein.de\/wordpress\/doppelspieltag-startet-mit-spitzenspiel%f0%9f%94%a5\/\" target=\"_self\"  ><img loading=\"lazy\" decoding=\"async\" width=\"1600\" height=\"1066\" src=\"https:\/\/www.jugendfussball-wendelstein.de\/wordpress\/wp-content\/uploads\/2025\/10\/Unknown.jpeg\" class=\"attachment-post-thumbnail size-post-thumbnail wp-post-image\" alt=\"Doppelspieltag startet mit Spitzenspiel&#x1f525;\" style=\"object-fit:cover;\" srcset=\"https:\/\/www.jugendfussball-wendelstein.de\/wordpress\/wp-content\/uploads\/2025\/10\/Unknown.jpeg 1600w, https:\/\/www.jugendfussball-wendelstein.de\/wordpress\/wp-content\/uploads\/2025\/10\/Unknown-350x233.jpeg 350w, https:\/\/www.jugendfussball-wendelstein.de\/wordpress\/wp-content\/uploads\/2025\/10\/Unknown-1024x682.jpeg 1024w, https:\/\/www.jugendfussball-wendelstein.de\/wordpress\/wp-content\/uploads\/2025\/10\/Unknown-768x512.jpeg 768w, https:\/\/www.jugendfussball-wendelstein.de\/wordpress\/wp-content\/uploads\/2025\/10\/Unknown-1536x1023.jpeg 1536w\" sizes=\"(max-width: 1600px) 100vw, 1600px\" \/><\/a><\/figure><\/div>\n\n\n\n<div class=\"wp-block-column is-layout-flow wp-block-column-is-layout-flow\" style=\"flex-basis:33.33%\"><h2 class=\"wp-block-post-title\"><a href=\"https:\/\/www.jugendfussball-wendelstein.de\/wordpress\/doppelspieltag-startet-mit-spitzenspiel%f0%9f%94%a5\/\" target=\"_self\" >Doppelspieltag startet mit Spitzenspiel&#x1f525;<\/a><\/h2>\n\n<div class=\"wp-block-post-excerpt\"><p class=\"wp-block-post-excerpt__excerpt\">Wer h\u00e4tte das gedacht? Am 6. Spieltag der Landesliga Nord trifft am kommenden Freitag die U17 der JFG Wendelstein auf die SpVgg aus Ansbach. Ein Blick auf die Tabelle l\u00e4sst auf ein echtes Spitzenspiel hoffen. Unsere Jungs sind in der Saison noch ungeschlagen und mussten lediglich letzte Woche beim Ausw\u00e4rtsspiel beim SV Raigering federn lassen,&hellip; <\/p><\/div><\/div>\n<\/div>\n\n<\/li><li class=\"wp-block-post post-12595 post type-post status-publish format-standard has-post-thumbnail hentry category-26-team-u17-1\">\n\n<div class=\"wp-block-columns alignwide is-layout-flex wp-container-core-columns-is-layout-28f84493 wp-block-columns-is-layout-flex\">\n<div class=\"wp-block-column is-layout-flow wp-block-column-is-layout-flow\" style=\"flex-basis:66.66%\"><figure class=\"wp-block-post-featured-image\"><a href=\"https:\/\/www.jugendfussball-wendelstein.de\/wordpress\/endlich-geht-es-los\/\" target=\"_self\"  ><img loading=\"lazy\" decoding=\"async\" width=\"2560\" height=\"1046\" src=\"https:\/\/www.jugendfussball-wendelstein.de\/wordpress\/wp-content\/uploads\/2025\/08\/image0-scaled.png\" class=\"attachment-post-thumbnail size-post-thumbnail wp-post-image\" alt=\"!!!Endlich geht es los!!!\" style=\"object-fit:cover;\" srcset=\"https:\/\/www.jugendfussball-wendelstein.de\/wordpress\/wp-content\/uploads\/2025\/08\/image0-scaled.png 2560w, https:\/\/www.jugendfussball-wendelstein.de\/wordpress\/wp-content\/uploads\/2025\/08\/image0-350x143.png 350w, https:\/\/www.jugendfussball-wendelstein.de\/wordpress\/wp-content\/uploads\/2025\/08\/image0-1024x418.png 1024w, https:\/\/www.jugendfussball-wendelstein.de\/wordpress\/wp-content\/uploads\/2025\/08\/image0-768x314.png 768w, https:\/\/www.jugendfussball-wendelstein.de\/wordpress\/wp-content\/uploads\/2025\/08\/image0-1536x628.png 1536w, https:\/\/www.jugendfussball-wendelstein.de\/wordpress\/wp-content\/uploads\/2025\/08\/image0-2048x837.png 2048w, https:\/\/www.jugendfussball-wendelstein.de\/wordpress\/wp-content\/uploads\/2025\/08\/image0-1920x784.png 1920w\" sizes=\"(max-width: 2560px) 100vw, 2560px\" \/><\/a><\/figure><\/div>\n\n\n\n<div class=\"wp-block-column is-layout-flow wp-block-column-is-layout-flow\" style=\"flex-basis:33.33%\"><h2 class=\"wp-block-post-title\"><a href=\"https:\/\/www.jugendfussball-wendelstein.de\/wordpress\/endlich-geht-es-los\/\" target=\"_self\" >!!!Endlich geht es los!!!<\/a><\/h2>\n\n<div class=\"wp-block-post-excerpt\"><p class=\"wp-block-post-excerpt__excerpt\">Nach einer harten, anstrengenden Vorbereitungen mit guten Ergebnissen und Spielen (u. a. gegen die Bayernligisten Deggendorf &amp; Deisenhofen und den Landesligisten Lappersdorf und Raigering) steht endlich der Erste Spieltag an. Gleich gegen niemand geringeren als den Rivalen aus M\u00f6geldorf. Beide wollen mit einem Dreier in die Saison starten. Daher unterst\u00fctzt morgen unsere U17 bei Ihrem&hellip; <\/p><\/div><\/div>\n<\/div>\n\n<\/li><\/ul><\/div>\n<\/div>\n<\/div>\n\n\n","protected":false},"excerpt":{"rendered":"<p>Aktuelle Infos rund um unsere U17 Saison 2025\/26:<\/p>\n","protected":false},"author":8,"featured_media":0,"parent":0,"menu_order":0,"comment_status":"closed","ping_status":"closed","template":"full-width","meta":{"saved_in_kubio":true,"footnotes":""},"class_list":["post-10141","page","type-page","status-publish","hentry"],"kubio_ai_page_context":{"short_desc":"","purpose":"general"},"yoast_head":"<!-- This site is optimized with the Yoast SEO plugin v26.7 - https:\/\/yoast.com\/wordpress\/plugins\/seo\/ -->\n<title>U17 Landesliga - JFG Wendelstein<\/title>\n<meta name=\"robots\" content=\"index, follow, max-snippet:-1, max-image-preview:large, max-video-preview:-1\" \/>\n<link rel=\"canonical\" href=\"https:\/\/www.jugendfussball-wendelstein.de\/wordpress\/u17-2\/\" \/>\n<meta property=\"og:locale\" content=\"de_DE\" \/>\n<meta property=\"og:type\" content=\"article\" \/>\n<meta property=\"og:title\" content=\"U17 Landesliga - JFG Wendelstein\" \/>\n<meta property=\"og:description\" content=\"Aktuelle Infos rund um unsere U17 Saison 2025\/26:\" \/>\n<meta property=\"og:url\" content=\"https:\/\/www.jugendfussball-wendelstein.de\/wordpress\/u17-2\/\" \/>\n<meta property=\"og:site_name\" content=\"JFG Wendelstein\" \/>\n<meta property=\"article:modified_time\" content=\"2026-01-28T10:49:40+00:00\" \/>\n<meta property=\"og:image\" content=\"https:\/\/www.jugendfussball-wendelstein.de\/wordpress\/wp-content\/uploads\/2025\/09\/U17_Julian-Fochler-1024x1024.jpg\" \/>\n<meta name=\"twitter:card\" content=\"summary_large_image\" \/>\n<meta name=\"twitter:label1\" content=\"Gesch\u00e4tzte Lesezeit\" \/>\n\t<meta name=\"twitter:data1\" content=\"1\u00a0Minute\" \/>\n<script type=\"application\/ld+json\" class=\"yoast-schema-graph\">{\"@context\":\"https:\/\/schema.org\",\"@graph\":[{\"@type\":\"WebPage\",\"@id\":\"https:\/\/www.jugendfussball-wendelstein.de\/wordpress\/u17-2\/\",\"url\":\"https:\/\/www.jugendfussball-wendelstein.de\/wordpress\/u17-2\/\",\"name\":\"U17 Landesliga - JFG Wendelstein\",\"isPartOf\":{\"@id\":\"https:\/\/www.jugendfussball-wendelstein.de\/wordpress\/#website\"},\"primaryImageOfPage\":{\"@id\":\"https:\/\/www.jugendfussball-wendelstein.de\/wordpress\/u17-2\/#primaryimage\"},\"image\":{\"@id\":\"https:\/\/www.jugendfussball-wendelstein.de\/wordpress\/u17-2\/#primaryimage\"},\"thumbnailUrl\":\"https:\/\/www.jugendfussball-wendelstein.de\/wordpress\/wp-content\/uploads\/2025\/09\/U17_Julian-Fochler-1024x1024.jpg\",\"datePublished\":\"2024-10-06T13:43:35+00:00\",\"dateModified\":\"2026-01-28T10:49:40+00:00\",\"breadcrumb\":{\"@id\":\"https:\/\/www.jugendfussball-wendelstein.de\/wordpress\/u17-2\/#breadcrumb\"},\"inLanguage\":\"de\",\"potentialAction\":[{\"@type\":\"ReadAction\",\"target\":[\"https:\/\/www.jugendfussball-wendelstein.de\/wordpress\/u17-2\/\"]}]},{\"@type\":\"ImageObject\",\"inLanguage\":\"de\",\"@id\":\"https:\/\/www.jugendfussball-wendelstein.de\/wordpress\/u17-2\/#primaryimage\",\"url\":\"https:\/\/www.jugendfussball-wendelstein.de\/wordpress\/wp-content\/uploads\/2025\/09\/U17_Julian-Fochler.jpg\",\"contentUrl\":\"https:\/\/www.jugendfussball-wendelstein.de\/wordpress\/wp-content\/uploads\/2025\/09\/U17_Julian-Fochler.jpg\",\"width\":2160,\"height\":2160},{\"@type\":\"BreadcrumbList\",\"@id\":\"https:\/\/www.jugendfussball-wendelstein.de\/wordpress\/u17-2\/#breadcrumb\",\"itemListElement\":[{\"@type\":\"ListItem\",\"position\":1,\"name\":\"Startseite\",\"item\":\"https:\/\/www.jugendfussball-wendelstein.de\/wordpress\/\"},{\"@type\":\"ListItem\",\"position\":2,\"name\":\"U17 Landesliga\"}]},{\"@type\":\"WebSite\",\"@id\":\"https:\/\/www.jugendfussball-wendelstein.de\/wordpress\/#website\",\"url\":\"https:\/\/www.jugendfussball-wendelstein.de\/wordpress\/\",\"name\":\"JFG Wendelstein\",\"description\":\"Juniorenfu\u00dfball\",\"potentialAction\":[{\"@type\":\"SearchAction\",\"target\":{\"@type\":\"EntryPoint\",\"urlTemplate\":\"https:\/\/www.jugendfussball-wendelstein.de\/wordpress\/?s={search_term_string}\"},\"query-input\":{\"@type\":\"PropertyValueSpecification\",\"valueRequired\":true,\"valueName\":\"search_term_string\"}}],\"inLanguage\":\"de\"}]}<\/script>\n<!-- \/ Yoast SEO plugin. -->","yoast_head_json":{"title":"U17 Landesliga - JFG Wendelstein","robots":{"index":"index","follow":"follow","max-snippet":"max-snippet:-1","max-image-preview":"max-image-preview:large","max-video-preview":"max-video-preview:-1"},"canonical":"https:\/\/www.jugendfussball-wendelstein.de\/wordpress\/u17-2\/","og_locale":"de_DE","og_type":"article","og_title":"U17 Landesliga - JFG Wendelstein","og_description":"Aktuelle Infos rund um unsere U17 Saison 2025\/26:","og_url":"https:\/\/www.jugendfussball-wendelstein.de\/wordpress\/u17-2\/","og_site_name":"JFG Wendelstein","article_modified_time":"2026-01-28T10:49:40+00:00","og_image":[{"url":"https:\/\/www.jugendfussball-wendelstein.de\/wordpress\/wp-content\/uploads\/2025\/09\/U17_Julian-Fochler-1024x1024.jpg","type":"","width":"","height":""}],"twitter_card":"summary_large_image","twitter_misc":{"Gesch\u00e4tzte Lesezeit":"1\u00a0Minute"},"schema":{"@context":"https:\/\/schema.org","@graph":[{"@type":"WebPage","@id":"https:\/\/www.jugendfussball-wendelstein.de\/wordpress\/u17-2\/","url":"https:\/\/www.jugendfussball-wendelstein.de\/wordpress\/u17-2\/","name":"U17 Landesliga - JFG Wendelstein","isPartOf":{"@id":"https:\/\/www.jugendfussball-wendelstein.de\/wordpress\/#website"},"primaryImageOfPage":{"@id":"https:\/\/www.jugendfussball-wendelstein.de\/wordpress\/u17-2\/#primaryimage"},"image":{"@id":"https:\/\/www.jugendfussball-wendelstein.de\/wordpress\/u17-2\/#primaryimage"},"thumbnailUrl":"https:\/\/www.jugendfussball-wendelstein.de\/wordpress\/wp-content\/uploads\/2025\/09\/U17_Julian-Fochler-1024x1024.jpg","datePublished":"2024-10-06T13:43:35+00:00","dateModified":"2026-01-28T10:49:40+00:00","breadcrumb":{"@id":"https:\/\/www.jugendfussball-wendelstein.de\/wordpress\/u17-2\/#breadcrumb"},"inLanguage":"de","potentialAction":[{"@type":"ReadAction","target":["https:\/\/www.jugendfussball-wendelstein.de\/wordpress\/u17-2\/"]}]},{"@type":"ImageObject","inLanguage":"de","@id":"https:\/\/www.jugendfussball-wendelstein.de\/wordpress\/u17-2\/#primaryimage","url":"https:\/\/www.jugendfussball-wendelstein.de\/wordpress\/wp-content\/uploads\/2025\/09\/U17_Julian-Fochler.jpg","contentUrl":"https:\/\/www.jugendfussball-wendelstein.de\/wordpress\/wp-content\/uploads\/2025\/09\/U17_Julian-Fochler.jpg","width":2160,"height":2160},{"@type":"BreadcrumbList","@id":"https:\/\/www.jugendfussball-wendelstein.de\/wordpress\/u17-2\/#breadcrumb","itemListElement":[{"@type":"ListItem","position":1,"name":"Startseite","item":"https:\/\/www.jugendfussball-wendelstein.de\/wordpress\/"},{"@type":"ListItem","position":2,"name":"U17 Landesliga"}]},{"@type":"WebSite","@id":"https:\/\/www.jugendfussball-wendelstein.de\/wordpress\/#website","url":"https:\/\/www.jugendfussball-wendelstein.de\/wordpress\/","name":"JFG Wendelstein","description":"Juniorenfu\u00dfball","potentialAction":[{"@type":"SearchAction","target":{"@type":"EntryPoint","urlTemplate":"https:\/\/www.jugendfussball-wendelstein.de\/wordpress\/?s={search_term_string}"},"query-input":{"@type":"PropertyValueSpecification","valueRequired":true,"valueName":"search_term_string"}}],"inLanguage":"de"}]}},"_links":{"self":[{"href":"https:\/\/www.jugendfussball-wendelstein.de\/wordpress\/wp-json\/wp\/v2\/pages\/10141","targetHints":{"allow":["GET"]}}],"collection":[{"href":"https:\/\/www.jugendfussball-wendelstein.de\/wordpress\/wp-json\/wp\/v2\/pages"}],"about":[{"href":"https:\/\/www.jugendfussball-wendelstein.de\/wordpress\/wp-json\/wp\/v2\/types\/page"}],"author":[{"embeddable":true,"href":"https:\/\/www.jugendfussball-wendelstein.de\/wordpress\/wp-json\/wp\/v2\/users\/8"}],"replies":[{"embeddable":true,"href":"https:\/\/www.jugendfussball-wendelstein.de\/wordpress\/wp-json\/wp\/v2\/comments?post=10141"}],"version-history":[{"count":2,"href":"https:\/\/www.jugendfussball-wendelstein.de\/wordpress\/wp-json\/wp\/v2\/pages\/10141\/revisions"}],"predecessor-version":[{"id":13160,"href":"https:\/\/www.jugendfussball-wendelstein.de\/wordpress\/wp-json\/wp\/v2\/pages\/10141\/revisions\/13160"}],"wp:attachment":[{"href":"https:\/\/www.jugendfussball-wendelstein.de\/wordpress\/wp-json\/wp\/v2\/media?parent=10141"}],"curies":[{"name":"wp","href":"https:\/\/api.w.org\/{rel}","templated":true}]}}