{"id":10181,"date":"2024-10-06T17:00:59","date_gmt":"2024-10-06T15:00:59","guid":{"rendered":"https:\/\/www.jugendfussball-wendelstein.de\/wordpress\/?page_id=10181"},"modified":"2025-10-01T20:08:22","modified_gmt":"2025-10-01T18:08:22","slug":"u14","status":"publish","type":"page","link":"https:\/\/www.jugendfussball-wendelstein.de\/wordpress\/u14\/","title":{"rendered":"U14 F\u00f6rderliga"},"content":{"rendered":"<p><script type='text\/javascript' src=\"https:\/\/widget-prod.bfv.de\/widget\/widgetresource\/widgetjs\"><\/script><\/p>\n\n\n\n\n\n\n\n\n\n\n<div class=\"wp-block-columns is-layout-flex wp-container-core-columns-is-layout-28f84493 wp-block-columns-is-layout-flex\">\n<div class=\"wp-block-column is-layout-flow wp-block-column-is-layout-flow\" style=\"flex-basis:100%\">\n<h2>Aktuelle Infos rund um unsere U14 Saison 2025\/26:<\/h2>\n\n\n\n<div class=\"wp-block-query is-layout-flow wp-block-query-is-layout-flow\"><ul class=\"wp-block-post-template is-layout-flow wp-block-post-template-is-layout-flow\"><li class=\"wp-block-post post-13208 post type-post status-publish format-standard has-post-thumbnail hentry category-26-team-u14 category-allgemein\">\n\n<div class=\"wp-block-columns alignwide is-layout-flex wp-container-core-columns-is-layout-28f84493 wp-block-columns-is-layout-flex\">\n<div class=\"wp-block-column is-layout-flow wp-block-column-is-layout-flow\" style=\"flex-basis:66.66%\"><figure class=\"wp-block-post-featured-image\"><a href=\"https:\/\/www.jugendfussball-wendelstein.de\/wordpress\/%f0%9f%94%a5-u14-bei-box-team-metin-%f0%9f%a5%8a\/\" target=\"_self\"  ><img loading=\"lazy\" decoding=\"async\" width=\"2048\" height=\"1536\" src=\"https:\/\/www.jugendfussball-wendelstein.de\/wordpress\/wp-content\/uploads\/2026\/02\/WhatsApp-Image-2026-02-10-at-20.07.55.jpeg\" class=\"attachment-post-thumbnail size-post-thumbnail wp-post-image\" alt=\"&#x1f525; U14 bei Box-Team Metin &#x1f94a;\" style=\"object-fit:cover;\" srcset=\"https:\/\/www.jugendfussball-wendelstein.de\/wordpress\/wp-content\/uploads\/2026\/02\/WhatsApp-Image-2026-02-10-at-20.07.55.jpeg 2048w, https:\/\/www.jugendfussball-wendelstein.de\/wordpress\/wp-content\/uploads\/2026\/02\/WhatsApp-Image-2026-02-10-at-20.07.55-350x263.jpeg 350w, https:\/\/www.jugendfussball-wendelstein.de\/wordpress\/wp-content\/uploads\/2026\/02\/WhatsApp-Image-2026-02-10-at-20.07.55-1024x768.jpeg 1024w, https:\/\/www.jugendfussball-wendelstein.de\/wordpress\/wp-content\/uploads\/2026\/02\/WhatsApp-Image-2026-02-10-at-20.07.55-768x576.jpeg 768w, https:\/\/www.jugendfussball-wendelstein.de\/wordpress\/wp-content\/uploads\/2026\/02\/WhatsApp-Image-2026-02-10-at-20.07.55-1536x1152.jpeg 1536w, https:\/\/www.jugendfussball-wendelstein.de\/wordpress\/wp-content\/uploads\/2026\/02\/WhatsApp-Image-2026-02-10-at-20.07.55-1440x1080.jpeg 1440w\" sizes=\"(max-width: 2048px) 100vw, 2048px\" \/><\/a><\/figure><\/div>\n\n\n\n<div class=\"wp-block-column is-layout-flow wp-block-column-is-layout-flow\" style=\"flex-basis:33.33%\"><h2 class=\"wp-block-post-title\"><a href=\"https:\/\/www.jugendfussball-wendelstein.de\/wordpress\/%f0%9f%94%a5-u14-bei-box-team-metin-%f0%9f%a5%8a\/\" target=\"_self\" >&#x1f525; U14 bei Box-Team Metin &#x1f94a;<\/a><\/h2>\n\n<div class=\"wp-block-post-excerpt\"><p class=\"wp-block-post-excerpt__excerpt\">Am Sonntag, den 15.03.26 startet unsere U14 F\u00f6rderliga-Truppe in die R\u00fcckrunde. Derzeit steht das Team ungeschlagen auf Platz 1 der Liga mit 8 Siegen und 3 Unentschieden. Damit das auch so bleibt geben die Karlotta und die Jungs derzeit alles und versuchen sich so fit wie m\u00f6glich zu halten. Unter anderem mit regelm\u00e4\u00dfigen Box-Trainings im&hellip; <\/p><\/div><\/div>\n<\/div>\n\n<\/li><li class=\"wp-block-post post-13205 post type-post status-publish format-standard has-post-thumbnail hentry category-26-team-u14 category-allgemein\">\n\n<div class=\"wp-block-columns alignwide is-layout-flex wp-container-core-columns-is-layout-28f84493 wp-block-columns-is-layout-flex\">\n<div class=\"wp-block-column is-layout-flow wp-block-column-is-layout-flow\" style=\"flex-basis:66.66%\"><figure class=\"wp-block-post-featured-image\"><a href=\"https:\/\/www.jugendfussball-wendelstein.de\/wordpress\/u14-sichert-sich-die-meisterschaft-in-feucht\/\" target=\"_self\"  ><img loading=\"lazy\" decoding=\"async\" width=\"2560\" height=\"1361\" src=\"https:\/\/www.jugendfussball-wendelstein.de\/wordpress\/wp-content\/uploads\/2026\/02\/Bildschirmfoto-2026-02-10-um-20.56.13-scaled.png\" class=\"attachment-post-thumbnail size-post-thumbnail wp-post-image\" alt=\"U14 sichert sich die Meisterschaft in Feucht\" style=\"object-fit:cover;\" srcset=\"https:\/\/www.jugendfussball-wendelstein.de\/wordpress\/wp-content\/uploads\/2026\/02\/Bildschirmfoto-2026-02-10-um-20.56.13-scaled.png 2560w, https:\/\/www.jugendfussball-wendelstein.de\/wordpress\/wp-content\/uploads\/2026\/02\/Bildschirmfoto-2026-02-10-um-20.56.13-350x186.png 350w, https:\/\/www.jugendfussball-wendelstein.de\/wordpress\/wp-content\/uploads\/2026\/02\/Bildschirmfoto-2026-02-10-um-20.56.13-1024x544.png 1024w, https:\/\/www.jugendfussball-wendelstein.de\/wordpress\/wp-content\/uploads\/2026\/02\/Bildschirmfoto-2026-02-10-um-20.56.13-768x408.png 768w, https:\/\/www.jugendfussball-wendelstein.de\/wordpress\/wp-content\/uploads\/2026\/02\/Bildschirmfoto-2026-02-10-um-20.56.13-1536x816.png 1536w, https:\/\/www.jugendfussball-wendelstein.de\/wordpress\/wp-content\/uploads\/2026\/02\/Bildschirmfoto-2026-02-10-um-20.56.13-2048x1089.png 2048w, https:\/\/www.jugendfussball-wendelstein.de\/wordpress\/wp-content\/uploads\/2026\/02\/Bildschirmfoto-2026-02-10-um-20.56.13-1920x1021.png 1920w\" sizes=\"(max-width: 2560px) 100vw, 2560px\" \/><\/a><\/figure><\/div>\n\n\n\n<div class=\"wp-block-column is-layout-flow wp-block-column-is-layout-flow\" style=\"flex-basis:33.33%\"><h2 class=\"wp-block-post-title\"><a href=\"https:\/\/www.jugendfussball-wendelstein.de\/wordpress\/u14-sichert-sich-die-meisterschaft-in-feucht\/\" target=\"_self\" >U14 sichert sich die Meisterschaft in Feucht<\/a><\/h2>\n\n<div class=\"wp-block-post-excerpt\"><p class=\"wp-block-post-excerpt__excerpt\">Bereits wenige Stunden nach dem Ende eines sehr stark besetzten Turniers in Coburg durfte unser F\u00f6derligateam am Sonntag wieder antreten. Diesmal ging es in die Finalrunde der Hallenkreismeisterschaft in Feucht. Mit am Start waren folgende Teams: JFG Wendelstein 2 (F\u00f6Li) ASV Neumarkt 2 (F\u00f6Li) SC 04 Schwabach 2 (KL) JFG Rothsee S\u00fcd (KK) TSV 1860&hellip; <\/p><\/div><\/div>\n<\/div>\n\n<\/li><li class=\"wp-block-post post-12948 post type-post status-publish format-standard has-post-thumbnail hentry category-26-team-u14 category-allgemein\">\n\n<div class=\"wp-block-columns alignwide is-layout-flex wp-container-core-columns-is-layout-28f84493 wp-block-columns-is-layout-flex\">\n<div class=\"wp-block-column is-layout-flow wp-block-column-is-layout-flow\" style=\"flex-basis:66.66%\"><figure class=\"wp-block-post-featured-image\"><a href=\"https:\/\/www.jugendfussball-wendelstein.de\/wordpress\/%f0%9f%9a%80-mega-ausflug-der-u14-jfg-wendelstein-zur-icon-league-%f0%9f%94%a5\/\" target=\"_self\"  ><img loading=\"lazy\" decoding=\"async\" width=\"2560\" height=\"1311\" src=\"https:\/\/www.jugendfussball-wendelstein.de\/wordpress\/wp-content\/uploads\/2025\/11\/12-scaled.jpg\" class=\"attachment-post-thumbnail size-post-thumbnail wp-post-image\" alt=\"&#x1f680; Mega-Ausflug der U14 JfG Wendelstein zur ICON League! &#x1f525;\" style=\"object-fit:cover;\" srcset=\"https:\/\/www.jugendfussball-wendelstein.de\/wordpress\/wp-content\/uploads\/2025\/11\/12-scaled.jpg 2560w, https:\/\/www.jugendfussball-wendelstein.de\/wordpress\/wp-content\/uploads\/2025\/11\/12-350x179.jpg 350w, https:\/\/www.jugendfussball-wendelstein.de\/wordpress\/wp-content\/uploads\/2025\/11\/12-1024x524.jpg 1024w, https:\/\/www.jugendfussball-wendelstein.de\/wordpress\/wp-content\/uploads\/2025\/11\/12-768x393.jpg 768w, https:\/\/www.jugendfussball-wendelstein.de\/wordpress\/wp-content\/uploads\/2025\/11\/12-1536x786.jpg 1536w, https:\/\/www.jugendfussball-wendelstein.de\/wordpress\/wp-content\/uploads\/2025\/11\/12-2048x1049.jpg 2048w, https:\/\/www.jugendfussball-wendelstein.de\/wordpress\/wp-content\/uploads\/2025\/11\/12-1920x983.jpg 1920w\" sizes=\"(max-width: 2560px) 100vw, 2560px\" \/><\/a><\/figure><\/div>\n\n\n\n<div class=\"wp-block-column is-layout-flow wp-block-column-is-layout-flow\" style=\"flex-basis:33.33%\"><h2 class=\"wp-block-post-title\"><a href=\"https:\/\/www.jugendfussball-wendelstein.de\/wordpress\/%f0%9f%9a%80-mega-ausflug-der-u14-jfg-wendelstein-zur-icon-league-%f0%9f%94%a5\/\" target=\"_self\" >&#x1f680; Mega-Ausflug der U14 JfG Wendelstein zur ICON League! &#x1f525;<\/a><\/h2>\n\n<div class=\"wp-block-post-excerpt\"><p class=\"wp-block-post-excerpt__excerpt\">Am Wochenende hatte unsere U14 der JfG Wendelstein einen richtig coolen Ausflug zur ICON League Stuttgart \u2013 und das war einfach nur mega! Schon beim Ankommen war die Stimmung top, und unsere Jungs konnten live miterleben, wie die besten Gamer, Streamer, YouTuber und Influencer ihr K\u00f6nnen zeigten. Wir hatten super Sitzpl\u00e4tze mit perfekter Sicht auf&hellip; <\/p><\/div><\/div>\n<\/div>\n\n<\/li><li class=\"wp-block-post post-12671 post type-post status-publish format-standard has-post-thumbnail hentry category-26-team-u14 category-allgemein\">\n\n<div class=\"wp-block-columns alignwide is-layout-flex wp-container-core-columns-is-layout-28f84493 wp-block-columns-is-layout-flex\">\n<div class=\"wp-block-column is-layout-flow wp-block-column-is-layout-flow\" style=\"flex-basis:66.66%\"><figure class=\"wp-block-post-featured-image\"><a href=\"https:\/\/www.jugendfussball-wendelstein.de\/wordpress\/%f0%9f%9a%80-souveraener-sieg-zum-saisonauftakt-in-der-u14-foederliga-%e2%9a%bd%ef%b8%8f\/\" target=\"_self\"  ><img loading=\"lazy\" decoding=\"async\" width=\"2000\" height=\"1333\" src=\"https:\/\/www.jugendfussball-wendelstein.de\/wordpress\/wp-content\/uploads\/2025\/09\/5.jpg\" class=\"attachment-post-thumbnail size-post-thumbnail wp-post-image\" alt=\"&#x1f680; Souver\u00e4ner Sieg zum Saisonauftakt in der U14 F\u00f6derliga &#x26bd;&#xfe0f;\" style=\"object-fit:cover;\" srcset=\"https:\/\/www.jugendfussball-wendelstein.de\/wordpress\/wp-content\/uploads\/2025\/09\/5.jpg 2000w, https:\/\/www.jugendfussball-wendelstein.de\/wordpress\/wp-content\/uploads\/2025\/09\/5-350x233.jpg 350w, https:\/\/www.jugendfussball-wendelstein.de\/wordpress\/wp-content\/uploads\/2025\/09\/5-1024x682.jpg 1024w, https:\/\/www.jugendfussball-wendelstein.de\/wordpress\/wp-content\/uploads\/2025\/09\/5-768x512.jpg 768w, https:\/\/www.jugendfussball-wendelstein.de\/wordpress\/wp-content\/uploads\/2025\/09\/5-1536x1024.jpg 1536w, https:\/\/www.jugendfussball-wendelstein.de\/wordpress\/wp-content\/uploads\/2025\/09\/5-1620x1080.jpg 1620w\" sizes=\"(max-width: 2000px) 100vw, 2000px\" \/><\/a><\/figure><\/div>\n\n\n\n<div class=\"wp-block-column is-layout-flow wp-block-column-is-layout-flow\" style=\"flex-basis:33.33%\"><h2 class=\"wp-block-post-title\"><a href=\"https:\/\/www.jugendfussball-wendelstein.de\/wordpress\/%f0%9f%9a%80-souveraener-sieg-zum-saisonauftakt-in-der-u14-foederliga-%e2%9a%bd%ef%b8%8f\/\" target=\"_self\" >&#x1f680; Souver\u00e4ner Sieg zum Saisonauftakt in der U14 F\u00f6derliga &#x26bd;&#xfe0f;<\/a><\/h2>\n\n<div class=\"wp-block-post-excerpt\"><p class=\"wp-block-post-excerpt__excerpt\">Vor rund 100 Zuschauern und bei strahlendem Sonnenschein trafen unsere Blues heute in der U14 F\u00f6rderliga zum Saisonauftakt auf die SpVgg M\u00f6geldorf. Beste Voraussetzungen f\u00fcr ein tolles Match und ein erstes Kr\u00e4ftemessen in der Liga.\u00a0 Der erste Treffer nach nur 4 Minuten durch Leonard Depperschmidt erwischte die G\u00e4ste aus N\u00fcrnberg kalt. Durch einige gelungene Kombinationen&hellip; <\/p><\/div><\/div>\n<\/div>\n\n<\/li><\/ul><\/div>\n<\/div>\n<\/div>\n","protected":false},"excerpt":{"rendered":"<p>Aktuelle Infos rund um unsere U14 Saison 2025\/26:<\/p>\n","protected":false},"author":8,"featured_media":0,"parent":0,"menu_order":0,"comment_status":"closed","ping_status":"closed","template":"full-width","meta":{"saved_in_kubio":true,"footnotes":""},"class_list":["post-10181","page","type-page","status-publish","hentry"],"kubio_ai_page_context":{"short_desc":"","purpose":"general"},"yoast_head":"<!-- This site is optimized with the Yoast SEO plugin v26.7 - https:\/\/yoast.com\/wordpress\/plugins\/seo\/ -->\n<title>U14 F\u00f6rderliga - JFG Wendelstein<\/title>\n<meta name=\"robots\" content=\"index, follow, max-snippet:-1, max-image-preview:large, max-video-preview:-1\" \/>\n<link rel=\"canonical\" href=\"https:\/\/www.jugendfussball-wendelstein.de\/wordpress\/u14\/\" \/>\n<meta property=\"og:locale\" content=\"de_DE\" \/>\n<meta property=\"og:type\" content=\"article\" \/>\n<meta property=\"og:title\" content=\"U14 F\u00f6rderliga - JFG Wendelstein\" \/>\n<meta property=\"og:description\" content=\"Aktuelle Infos rund um unsere U14 Saison 2025\/26:\" \/>\n<meta property=\"og:url\" content=\"https:\/\/www.jugendfussball-wendelstein.de\/wordpress\/u14\/\" \/>\n<meta property=\"og:site_name\" content=\"JFG Wendelstein\" \/>\n<meta property=\"article:modified_time\" content=\"2025-10-01T18:08:22+00:00\" \/>\n<meta property=\"og:image\" content=\"https:\/\/www.jugendfussball-wendelstein.de\/wordpress\/wp-content\/uploads\/2025\/09\/U14_Dominik-Ammon-1024x1024.jpg\" \/>\n<meta name=\"twitter:card\" content=\"summary_large_image\" \/>\n<meta name=\"twitter:label1\" content=\"Gesch\u00e4tzte Lesezeit\" \/>\n\t<meta name=\"twitter:data1\" content=\"2\u00a0Minuten\" \/>\n<script type=\"application\/ld+json\" class=\"yoast-schema-graph\">{\"@context\":\"https:\/\/schema.org\",\"@graph\":[{\"@type\":\"WebPage\",\"@id\":\"https:\/\/www.jugendfussball-wendelstein.de\/wordpress\/u14\/\",\"url\":\"https:\/\/www.jugendfussball-wendelstein.de\/wordpress\/u14\/\",\"name\":\"U14 F\u00f6rderliga - JFG Wendelstein\",\"isPartOf\":{\"@id\":\"https:\/\/www.jugendfussball-wendelstein.de\/wordpress\/#website\"},\"primaryImageOfPage\":{\"@id\":\"https:\/\/www.jugendfussball-wendelstein.de\/wordpress\/u14\/#primaryimage\"},\"image\":{\"@id\":\"https:\/\/www.jugendfussball-wendelstein.de\/wordpress\/u14\/#primaryimage\"},\"thumbnailUrl\":\"https:\/\/www.jugendfussball-wendelstein.de\/wordpress\/wp-content\/uploads\/2025\/09\/U14_Dominik-Ammon-1024x1024.jpg\",\"datePublished\":\"2024-10-06T15:00:59+00:00\",\"dateModified\":\"2025-10-01T18:08:22+00:00\",\"breadcrumb\":{\"@id\":\"https:\/\/www.jugendfussball-wendelstein.de\/wordpress\/u14\/#breadcrumb\"},\"inLanguage\":\"de\",\"potentialAction\":[{\"@type\":\"ReadAction\",\"target\":[\"https:\/\/www.jugendfussball-wendelstein.de\/wordpress\/u14\/\"]}]},{\"@type\":\"ImageObject\",\"inLanguage\":\"de\",\"@id\":\"https:\/\/www.jugendfussball-wendelstein.de\/wordpress\/u14\/#primaryimage\",\"url\":\"https:\/\/www.jugendfussball-wendelstein.de\/wordpress\/wp-content\/uploads\/2025\/09\/U14_Dominik-Ammon.jpg\",\"contentUrl\":\"https:\/\/www.jugendfussball-wendelstein.de\/wordpress\/wp-content\/uploads\/2025\/09\/U14_Dominik-Ammon.jpg\",\"width\":1440,\"height\":1440},{\"@type\":\"BreadcrumbList\",\"@id\":\"https:\/\/www.jugendfussball-wendelstein.de\/wordpress\/u14\/#breadcrumb\",\"itemListElement\":[{\"@type\":\"ListItem\",\"position\":1,\"name\":\"Startseite\",\"item\":\"https:\/\/www.jugendfussball-wendelstein.de\/wordpress\/\"},{\"@type\":\"ListItem\",\"position\":2,\"name\":\"U14 F\u00f6rderliga\"}]},{\"@type\":\"WebSite\",\"@id\":\"https:\/\/www.jugendfussball-wendelstein.de\/wordpress\/#website\",\"url\":\"https:\/\/www.jugendfussball-wendelstein.de\/wordpress\/\",\"name\":\"JFG Wendelstein\",\"description\":\"Juniorenfu\u00dfball\",\"potentialAction\":[{\"@type\":\"SearchAction\",\"target\":{\"@type\":\"EntryPoint\",\"urlTemplate\":\"https:\/\/www.jugendfussball-wendelstein.de\/wordpress\/?s={search_term_string}\"},\"query-input\":{\"@type\":\"PropertyValueSpecification\",\"valueRequired\":true,\"valueName\":\"search_term_string\"}}],\"inLanguage\":\"de\"}]}<\/script>\n<!-- \/ Yoast SEO plugin. -->","yoast_head_json":{"title":"U14 F\u00f6rderliga - JFG Wendelstein","robots":{"index":"index","follow":"follow","max-snippet":"max-snippet:-1","max-image-preview":"max-image-preview:large","max-video-preview":"max-video-preview:-1"},"canonical":"https:\/\/www.jugendfussball-wendelstein.de\/wordpress\/u14\/","og_locale":"de_DE","og_type":"article","og_title":"U14 F\u00f6rderliga - JFG Wendelstein","og_description":"Aktuelle Infos rund um unsere U14 Saison 2025\/26:","og_url":"https:\/\/www.jugendfussball-wendelstein.de\/wordpress\/u14\/","og_site_name":"JFG Wendelstein","article_modified_time":"2025-10-01T18:08:22+00:00","og_image":[{"url":"https:\/\/www.jugendfussball-wendelstein.de\/wordpress\/wp-content\/uploads\/2025\/09\/U14_Dominik-Ammon-1024x1024.jpg","type":"","width":"","height":""}],"twitter_card":"summary_large_image","twitter_misc":{"Gesch\u00e4tzte Lesezeit":"2\u00a0Minuten"},"schema":{"@context":"https:\/\/schema.org","@graph":[{"@type":"WebPage","@id":"https:\/\/www.jugendfussball-wendelstein.de\/wordpress\/u14\/","url":"https:\/\/www.jugendfussball-wendelstein.de\/wordpress\/u14\/","name":"U14 F\u00f6rderliga - JFG Wendelstein","isPartOf":{"@id":"https:\/\/www.jugendfussball-wendelstein.de\/wordpress\/#website"},"primaryImageOfPage":{"@id":"https:\/\/www.jugendfussball-wendelstein.de\/wordpress\/u14\/#primaryimage"},"image":{"@id":"https:\/\/www.jugendfussball-wendelstein.de\/wordpress\/u14\/#primaryimage"},"thumbnailUrl":"https:\/\/www.jugendfussball-wendelstein.de\/wordpress\/wp-content\/uploads\/2025\/09\/U14_Dominik-Ammon-1024x1024.jpg","datePublished":"2024-10-06T15:00:59+00:00","dateModified":"2025-10-01T18:08:22+00:00","breadcrumb":{"@id":"https:\/\/www.jugendfussball-wendelstein.de\/wordpress\/u14\/#breadcrumb"},"inLanguage":"de","potentialAction":[{"@type":"ReadAction","target":["https:\/\/www.jugendfussball-wendelstein.de\/wordpress\/u14\/"]}]},{"@type":"ImageObject","inLanguage":"de","@id":"https:\/\/www.jugendfussball-wendelstein.de\/wordpress\/u14\/#primaryimage","url":"https:\/\/www.jugendfussball-wendelstein.de\/wordpress\/wp-content\/uploads\/2025\/09\/U14_Dominik-Ammon.jpg","contentUrl":"https:\/\/www.jugendfussball-wendelstein.de\/wordpress\/wp-content\/uploads\/2025\/09\/U14_Dominik-Ammon.jpg","width":1440,"height":1440},{"@type":"BreadcrumbList","@id":"https:\/\/www.jugendfussball-wendelstein.de\/wordpress\/u14\/#breadcrumb","itemListElement":[{"@type":"ListItem","position":1,"name":"Startseite","item":"https:\/\/www.jugendfussball-wendelstein.de\/wordpress\/"},{"@type":"ListItem","position":2,"name":"U14 F\u00f6rderliga"}]},{"@type":"WebSite","@id":"https:\/\/www.jugendfussball-wendelstein.de\/wordpress\/#website","url":"https:\/\/www.jugendfussball-wendelstein.de\/wordpress\/","name":"JFG Wendelstein","description":"Juniorenfu\u00dfball","potentialAction":[{"@type":"SearchAction","target":{"@type":"EntryPoint","urlTemplate":"https:\/\/www.jugendfussball-wendelstein.de\/wordpress\/?s={search_term_string}"},"query-input":{"@type":"PropertyValueSpecification","valueRequired":true,"valueName":"search_term_string"}}],"inLanguage":"de"}]}},"_links":{"self":[{"href":"https:\/\/www.jugendfussball-wendelstein.de\/wordpress\/wp-json\/wp\/v2\/pages\/10181","targetHints":{"allow":["GET"]}}],"collection":[{"href":"https:\/\/www.jugendfussball-wendelstein.de\/wordpress\/wp-json\/wp\/v2\/pages"}],"about":[{"href":"https:\/\/www.jugendfussball-wendelstein.de\/wordpress\/wp-json\/wp\/v2\/types\/page"}],"author":[{"embeddable":true,"href":"https:\/\/www.jugendfussball-wendelstein.de\/wordpress\/wp-json\/wp\/v2\/users\/8"}],"replies":[{"embeddable":true,"href":"https:\/\/www.jugendfussball-wendelstein.de\/wordpress\/wp-json\/wp\/v2\/comments?post=10181"}],"version-history":[{"count":1,"href":"https:\/\/www.jugendfussball-wendelstein.de\/wordpress\/wp-json\/wp\/v2\/pages\/10181\/revisions"}],"predecessor-version":[{"id":12893,"href":"https:\/\/www.jugendfussball-wendelstein.de\/wordpress\/wp-json\/wp\/v2\/pages\/10181\/revisions\/12893"}],"wp:attachment":[{"href":"https:\/\/www.jugendfussball-wendelstein.de\/wordpress\/wp-json\/wp\/v2\/media?parent=10181"}],"curies":[{"name":"wp","href":"https:\/\/api.w.org\/{rel}","templated":true}]}}