{"id":10198,"date":"2024-10-06T17:55:04","date_gmt":"2024-10-06T15:55:04","guid":{"rendered":"https:\/\/www.jugendfussball-wendelstein.de\/wordpress\/?page_id=10198"},"modified":"2025-09-24T15:09:51","modified_gmt":"2025-09-24T13:09:51","slug":"u13","status":"publish","type":"page","link":"https:\/\/www.jugendfussball-wendelstein.de\/wordpress\/u13\/","title":{"rendered":"U13-1 F\u00f6rderliga D1"},"content":{"rendered":"<p><script type='text\/javascript' src=\"https:\/\/widget-prod.bfv.de\/widget\/widgetresource\/widgetjs\"><\/script><\/p>\n\n\n\n\n\n\n\n\n<div class=\"wp-block-columns is-layout-flex wp-container-core-columns-is-layout-28f84493 wp-block-columns-is-layout-flex\">\n<div class=\"wp-block-column is-layout-flow wp-block-column-is-layout-flow\" style=\"flex-basis:100%\">\n<h2>Aktuelle Infos rund um unsere U13-1:<\/h2>\n\n\n\n<div class=\"wp-block-query is-layout-flow wp-block-query-is-layout-flow\"><ul class=\"wp-block-post-template is-layout-flow wp-block-post-template-is-layout-flow\"><li class=\"wp-block-post post-13022 post type-post status-publish format-standard has-post-thumbnail hentry category-26-team-u13-1 category-allgemein category-gf category-team-u13-1 category-u13\">\n\n<div class=\"wp-block-columns alignwide is-layout-flex wp-container-core-columns-is-layout-28f84493 wp-block-columns-is-layout-flex\">\n<div class=\"wp-block-column is-layout-flow wp-block-column-is-layout-flow\" style=\"flex-basis:66.66%\"><figure class=\"wp-block-post-featured-image\"><a href=\"https:\/\/www.jugendfussball-wendelstein.de\/wordpress\/tanzschule-tanz-mit-hase-unterstuetzt-u13-team-der-jfg-wendelstein-mit-neuer-ausstattung\/\" target=\"_self\"  ><img loading=\"lazy\" decoding=\"async\" width=\"1500\" height=\"512\" src=\"https:\/\/www.jugendfussball-wendelstein.de\/wordpress\/wp-content\/uploads\/2025\/12\/4dr.jpg\" class=\"attachment-post-thumbnail size-post-thumbnail wp-post-image\" alt=\"Tanzschule \u201eTanz mit Hase\u201c unterst\u00fctzt U13-Team der JFG Wendelstein mit neuer Ausstattung\" style=\"object-fit:cover;\" srcset=\"https:\/\/www.jugendfussball-wendelstein.de\/wordpress\/wp-content\/uploads\/2025\/12\/4dr.jpg 1500w, https:\/\/www.jugendfussball-wendelstein.de\/wordpress\/wp-content\/uploads\/2025\/12\/4dr-350x119.jpg 350w, https:\/\/www.jugendfussball-wendelstein.de\/wordpress\/wp-content\/uploads\/2025\/12\/4dr-1024x350.jpg 1024w, https:\/\/www.jugendfussball-wendelstein.de\/wordpress\/wp-content\/uploads\/2025\/12\/4dr-768x262.jpg 768w\" sizes=\"(max-width: 1500px) 100vw, 1500px\" \/><\/a><\/figure><\/div>\n\n\n\n<div class=\"wp-block-column is-layout-flow wp-block-column-is-layout-flow\" style=\"flex-basis:33.33%\"><h2 class=\"wp-block-post-title\"><a href=\"https:\/\/www.jugendfussball-wendelstein.de\/wordpress\/tanzschule-tanz-mit-hase-unterstuetzt-u13-team-der-jfg-wendelstein-mit-neuer-ausstattung\/\" target=\"_self\" >Tanzschule \u201eTanz mit Hase\u201c unterst\u00fctzt U13-Team der JFG Wendelstein mit neuer Ausstattung<\/a><\/h2>\n\n<div class=\"wp-block-post-excerpt\"><p class=\"wp-block-post-excerpt__excerpt\">Die JFG Wendelstein freut sich \u00fcber gro\u00dfz\u00fcgige Unterst\u00fctzung: Die renommierte Tanzschule \u201eTanz mit Hase\u201c hat die Anschaffung einer neuen Spielkleidung sowie neuer Trainingsb\u00e4lle f\u00fcr die U13-Mannschaft erm\u00f6glicht. Damit zeigt die Tanzschule einmal mehr ihr starkes Engagement f\u00fcr den regionalen Nachwuchssport. Eine besondere Verbindung besteht \u00fcber Lena Hase, die Inhaberin der Tanzschule. Sie hat bereits vor&hellip; <\/p><\/div><\/div>\n<\/div>\n\n<\/li><\/ul><\/div>\n<\/div>\n<\/div>\n","protected":false},"excerpt":{"rendered":"<p>Aktuelle Infos rund um unsere U13-1:<\/p>\n","protected":false},"author":8,"featured_media":0,"parent":0,"menu_order":0,"comment_status":"closed","ping_status":"closed","template":"full-width","meta":{"saved_in_kubio":true,"footnotes":""},"class_list":["post-10198","page","type-page","status-publish","hentry"],"kubio_ai_page_context":{"short_desc":"","purpose":"general"},"yoast_head":"<!-- This site is optimized with the Yoast SEO plugin v26.7 - https:\/\/yoast.com\/wordpress\/plugins\/seo\/ -->\n<title>U13-1 F\u00f6rderliga D1 - JFG Wendelstein<\/title>\n<meta name=\"robots\" content=\"index, follow, max-snippet:-1, max-image-preview:large, max-video-preview:-1\" \/>\n<link rel=\"canonical\" href=\"https:\/\/www.jugendfussball-wendelstein.de\/wordpress\/u13\/\" \/>\n<meta property=\"og:locale\" content=\"de_DE\" \/>\n<meta property=\"og:type\" content=\"article\" \/>\n<meta property=\"og:title\" content=\"U13-1 F\u00f6rderliga D1 - JFG Wendelstein\" \/>\n<meta property=\"og:description\" content=\"Aktuelle Infos rund um unsere U13-1:\" \/>\n<meta property=\"og:url\" content=\"https:\/\/www.jugendfussball-wendelstein.de\/wordpress\/u13\/\" \/>\n<meta property=\"og:site_name\" content=\"JFG Wendelstein\" \/>\n<meta property=\"article:modified_time\" content=\"2025-09-24T13:09:51+00:00\" \/>\n<meta property=\"og:image\" content=\"https:\/\/www.jugendfussball-wendelstein.de\/wordpress\/wp-content\/uploads\/2025\/09\/U13_Markus-Wuerth-1024x1024.jpg\" \/>\n<meta name=\"twitter:card\" content=\"summary_large_image\" \/>\n<meta name=\"twitter:label1\" content=\"Gesch\u00e4tzte Lesezeit\" \/>\n\t<meta name=\"twitter:data1\" content=\"1\u00a0Minute\" \/>\n<script type=\"application\/ld+json\" class=\"yoast-schema-graph\">{\"@context\":\"https:\/\/schema.org\",\"@graph\":[{\"@type\":\"WebPage\",\"@id\":\"https:\/\/www.jugendfussball-wendelstein.de\/wordpress\/u13\/\",\"url\":\"https:\/\/www.jugendfussball-wendelstein.de\/wordpress\/u13\/\",\"name\":\"U13-1 F\u00f6rderliga D1 - JFG Wendelstein\",\"isPartOf\":{\"@id\":\"https:\/\/www.jugendfussball-wendelstein.de\/wordpress\/#website\"},\"primaryImageOfPage\":{\"@id\":\"https:\/\/www.jugendfussball-wendelstein.de\/wordpress\/u13\/#primaryimage\"},\"image\":{\"@id\":\"https:\/\/www.jugendfussball-wendelstein.de\/wordpress\/u13\/#primaryimage\"},\"thumbnailUrl\":\"https:\/\/www.jugendfussball-wendelstein.de\/wordpress\/wp-content\/uploads\/2025\/09\/U13_Markus-Wuerth-1024x1024.jpg\",\"datePublished\":\"2024-10-06T15:55:04+00:00\",\"dateModified\":\"2025-09-24T13:09:51+00:00\",\"breadcrumb\":{\"@id\":\"https:\/\/www.jugendfussball-wendelstein.de\/wordpress\/u13\/#breadcrumb\"},\"inLanguage\":\"de\",\"potentialAction\":[{\"@type\":\"ReadAction\",\"target\":[\"https:\/\/www.jugendfussball-wendelstein.de\/wordpress\/u13\/\"]}]},{\"@type\":\"ImageObject\",\"inLanguage\":\"de\",\"@id\":\"https:\/\/www.jugendfussball-wendelstein.de\/wordpress\/u13\/#primaryimage\",\"url\":\"https:\/\/www.jugendfussball-wendelstein.de\/wordpress\/wp-content\/uploads\/2025\/09\/U13_Markus-Wuerth.jpg\",\"contentUrl\":\"https:\/\/www.jugendfussball-wendelstein.de\/wordpress\/wp-content\/uploads\/2025\/09\/U13_Markus-Wuerth.jpg\",\"width\":2160,\"height\":2160},{\"@type\":\"BreadcrumbList\",\"@id\":\"https:\/\/www.jugendfussball-wendelstein.de\/wordpress\/u13\/#breadcrumb\",\"itemListElement\":[{\"@type\":\"ListItem\",\"position\":1,\"name\":\"Startseite\",\"item\":\"https:\/\/www.jugendfussball-wendelstein.de\/wordpress\/\"},{\"@type\":\"ListItem\",\"position\":2,\"name\":\"U13-1 F\u00f6rderliga D1\"}]},{\"@type\":\"WebSite\",\"@id\":\"https:\/\/www.jugendfussball-wendelstein.de\/wordpress\/#website\",\"url\":\"https:\/\/www.jugendfussball-wendelstein.de\/wordpress\/\",\"name\":\"JFG Wendelstein\",\"description\":\"Juniorenfu\u00dfball\",\"potentialAction\":[{\"@type\":\"SearchAction\",\"target\":{\"@type\":\"EntryPoint\",\"urlTemplate\":\"https:\/\/www.jugendfussball-wendelstein.de\/wordpress\/?s={search_term_string}\"},\"query-input\":{\"@type\":\"PropertyValueSpecification\",\"valueRequired\":true,\"valueName\":\"search_term_string\"}}],\"inLanguage\":\"de\"}]}<\/script>\n<!-- \/ Yoast SEO plugin. -->","yoast_head_json":{"title":"U13-1 F\u00f6rderliga D1 - JFG Wendelstein","robots":{"index":"index","follow":"follow","max-snippet":"max-snippet:-1","max-image-preview":"max-image-preview:large","max-video-preview":"max-video-preview:-1"},"canonical":"https:\/\/www.jugendfussball-wendelstein.de\/wordpress\/u13\/","og_locale":"de_DE","og_type":"article","og_title":"U13-1 F\u00f6rderliga D1 - JFG Wendelstein","og_description":"Aktuelle Infos rund um unsere U13-1:","og_url":"https:\/\/www.jugendfussball-wendelstein.de\/wordpress\/u13\/","og_site_name":"JFG Wendelstein","article_modified_time":"2025-09-24T13:09:51+00:00","og_image":[{"url":"https:\/\/www.jugendfussball-wendelstein.de\/wordpress\/wp-content\/uploads\/2025\/09\/U13_Markus-Wuerth-1024x1024.jpg","type":"","width":"","height":""}],"twitter_card":"summary_large_image","twitter_misc":{"Gesch\u00e4tzte Lesezeit":"1\u00a0Minute"},"schema":{"@context":"https:\/\/schema.org","@graph":[{"@type":"WebPage","@id":"https:\/\/www.jugendfussball-wendelstein.de\/wordpress\/u13\/","url":"https:\/\/www.jugendfussball-wendelstein.de\/wordpress\/u13\/","name":"U13-1 F\u00f6rderliga D1 - JFG Wendelstein","isPartOf":{"@id":"https:\/\/www.jugendfussball-wendelstein.de\/wordpress\/#website"},"primaryImageOfPage":{"@id":"https:\/\/www.jugendfussball-wendelstein.de\/wordpress\/u13\/#primaryimage"},"image":{"@id":"https:\/\/www.jugendfussball-wendelstein.de\/wordpress\/u13\/#primaryimage"},"thumbnailUrl":"https:\/\/www.jugendfussball-wendelstein.de\/wordpress\/wp-content\/uploads\/2025\/09\/U13_Markus-Wuerth-1024x1024.jpg","datePublished":"2024-10-06T15:55:04+00:00","dateModified":"2025-09-24T13:09:51+00:00","breadcrumb":{"@id":"https:\/\/www.jugendfussball-wendelstein.de\/wordpress\/u13\/#breadcrumb"},"inLanguage":"de","potentialAction":[{"@type":"ReadAction","target":["https:\/\/www.jugendfussball-wendelstein.de\/wordpress\/u13\/"]}]},{"@type":"ImageObject","inLanguage":"de","@id":"https:\/\/www.jugendfussball-wendelstein.de\/wordpress\/u13\/#primaryimage","url":"https:\/\/www.jugendfussball-wendelstein.de\/wordpress\/wp-content\/uploads\/2025\/09\/U13_Markus-Wuerth.jpg","contentUrl":"https:\/\/www.jugendfussball-wendelstein.de\/wordpress\/wp-content\/uploads\/2025\/09\/U13_Markus-Wuerth.jpg","width":2160,"height":2160},{"@type":"BreadcrumbList","@id":"https:\/\/www.jugendfussball-wendelstein.de\/wordpress\/u13\/#breadcrumb","itemListElement":[{"@type":"ListItem","position":1,"name":"Startseite","item":"https:\/\/www.jugendfussball-wendelstein.de\/wordpress\/"},{"@type":"ListItem","position":2,"name":"U13-1 F\u00f6rderliga D1"}]},{"@type":"WebSite","@id":"https:\/\/www.jugendfussball-wendelstein.de\/wordpress\/#website","url":"https:\/\/www.jugendfussball-wendelstein.de\/wordpress\/","name":"JFG Wendelstein","description":"Juniorenfu\u00dfball","potentialAction":[{"@type":"SearchAction","target":{"@type":"EntryPoint","urlTemplate":"https:\/\/www.jugendfussball-wendelstein.de\/wordpress\/?s={search_term_string}"},"query-input":{"@type":"PropertyValueSpecification","valueRequired":true,"valueName":"search_term_string"}}],"inLanguage":"de"}]}},"_links":{"self":[{"href":"https:\/\/www.jugendfussball-wendelstein.de\/wordpress\/wp-json\/wp\/v2\/pages\/10198","targetHints":{"allow":["GET"]}}],"collection":[{"href":"https:\/\/www.jugendfussball-wendelstein.de\/wordpress\/wp-json\/wp\/v2\/pages"}],"about":[{"href":"https:\/\/www.jugendfussball-wendelstein.de\/wordpress\/wp-json\/wp\/v2\/types\/page"}],"author":[{"embeddable":true,"href":"https:\/\/www.jugendfussball-wendelstein.de\/wordpress\/wp-json\/wp\/v2\/users\/8"}],"replies":[{"embeddable":true,"href":"https:\/\/www.jugendfussball-wendelstein.de\/wordpress\/wp-json\/wp\/v2\/comments?post=10198"}],"version-history":[{"count":0,"href":"https:\/\/www.jugendfussball-wendelstein.de\/wordpress\/wp-json\/wp\/v2\/pages\/10198\/revisions"}],"wp:attachment":[{"href":"https:\/\/www.jugendfussball-wendelstein.de\/wordpress\/wp-json\/wp\/v2\/media?parent=10198"}],"curies":[{"name":"wp","href":"https:\/\/api.w.org\/{rel}","templated":true}]}}