{"id":10250,"date":"2024-10-12T12:20:50","date_gmt":"2024-10-12T10:20:50","guid":{"rendered":"https:\/\/www.jugendfussball-wendelstein.de\/wordpress\/?page_id=10250"},"modified":"2024-12-10T15:05:05","modified_gmt":"2024-12-10T14:05:05","slug":"u07-2","status":"publish","type":"page","link":"https:\/\/www.jugendfussball-wendelstein.de\/wordpress\/u07-2\/","title":{"rendered":"U7-2"},"content":{"rendered":"\n\n\n\n\n\n\n<div class=\"wp-block-columns is-layout-flex wp-container-core-columns-is-layout-28f84493 wp-block-columns-is-layout-flex\">\n<div class=\"wp-block-column is-layout-flow wp-block-column-is-layout-flow\" style=\"flex-basis:100%\">\n<h2>Aktuelle Infos rund um die U7-2:<\/h2>\n\n\n\n<div class=\"wp-block-query is-layout-flow wp-block-query-is-layout-flow\"><ul class=\"wp-block-post-template is-layout-flow wp-block-post-template-is-layout-flow\"><li class=\"wp-block-post post-12146 post type-post status-publish format-standard has-post-thumbnail hentry category-allgemein category-team-u7-1 category-team-u7-2 category-u7-roeth\">\n\n<div class=\"wp-block-columns alignwide is-layout-flex wp-container-core-columns-is-layout-28f84493 wp-block-columns-is-layout-flex\">\n<div class=\"wp-block-column is-layout-flow wp-block-column-is-layout-flow\" style=\"flex-basis:66.66%\"><figure class=\"wp-block-post-featured-image\"><a href=\"https:\/\/www.jugendfussball-wendelstein.de\/wordpress\/volle-hallen-bei-den-eigenen-hallenturnieren-fussballnachwuchs-begeistert-in-wendelstein\/\" target=\"_self\"  ><img loading=\"lazy\" decoding=\"async\" width=\"750\" height=\"500\" src=\"https:\/\/www.jugendfussball-wendelstein.de\/wordpress\/wp-content\/uploads\/2025\/03\/G9-Heimturnier-05.jpg\" class=\"attachment-post-thumbnail size-post-thumbnail wp-post-image\" alt=\"Volle Hallen bei den eigenen Hallenturnieren \u2013 Fu\u00dfballnachwuchs begeistert in Wendelstein\" style=\"object-fit:cover;\" srcset=\"https:\/\/www.jugendfussball-wendelstein.de\/wordpress\/wp-content\/uploads\/2025\/03\/G9-Heimturnier-05.jpg 750w, https:\/\/www.jugendfussball-wendelstein.de\/wordpress\/wp-content\/uploads\/2025\/03\/G9-Heimturnier-05-350x233.jpg 350w\" sizes=\"(max-width: 750px) 100vw, 750px\" \/><\/a><\/figure><\/div>\n\n\n\n<div class=\"wp-block-column is-layout-flow wp-block-column-is-layout-flow\" style=\"flex-basis:33.33%\"><h2 class=\"wp-block-post-title\"><a href=\"https:\/\/www.jugendfussball-wendelstein.de\/wordpress\/volle-hallen-bei-den-eigenen-hallenturnieren-fussballnachwuchs-begeistert-in-wendelstein\/\" target=\"_self\" >Volle Hallen bei den eigenen Hallenturnieren \u2013 Fu\u00dfballnachwuchs begeistert in Wendelstein<\/a><\/h2>\n\n<div class=\"wp-block-post-excerpt\"><p class=\"wp-block-post-excerpt__excerpt\">Die U7 der JFG Wendelstein lud im M\u00e4rz zu zwei eigenen Hallenturnieren ein: Mit knapp 70 Mannschaften ein echtes Highlight beim Fu\u00dfball-Nachwuchs! <\/p><\/div><\/div>\n<\/div>\n\n<\/li><li class=\"wp-block-post post-6056 post type-post status-publish format-standard hentry category-kf category-spielbericht category-u7-wend\">\n\n<div class=\"wp-block-columns alignwide is-layout-flex wp-container-core-columns-is-layout-28f84493 wp-block-columns-is-layout-flex\">\n<div class=\"wp-block-column is-layout-flow wp-block-column-is-layout-flow\" style=\"flex-basis:66.66%\"><\/div>\n\n\n\n<div class=\"wp-block-column is-layout-flow wp-block-column-is-layout-flow\" style=\"flex-basis:33.33%\"><h2 class=\"wp-block-post-title\"><a href=\"https:\/\/www.jugendfussball-wendelstein.de\/wordpress\/hervorragender-rueckrundenauftakt-fuer-die-jfg-minis\/\" target=\"_self\" >Hervorragender R\u00fcckrundenauftakt f\u00fcr die JFG &#8211; Mini\u00b4s<\/a><\/h2>\n\n<div class=\"wp-block-post-excerpt\"><p class=\"wp-block-post-excerpt__excerpt\">Am Samstag, den 5.5, durften auch endlich unsere Mini Blues Jahrgang 2011\/12 ihr erstes offizielles BFV Turnier spielen. Beim Gastgeber dem TSV Kleinschwarzenlohe erwartete uns ein starkes Teilnehmerfeld mit dem TSV Kornburg, TSV Heideck, TSV Wassermungenau und TV Eckersm\u00fchlen. Nachdem wir im Winter einige Ver\u00e4nderungen der Mannschaft vorgenommen hatten, blickten wir mit Spannung auf den&hellip; <\/p><\/div><\/div>\n<\/div>\n\n<\/li><li class=\"wp-block-post post-5505 post type-post status-publish format-standard hentry category-kf category-spielbericht category-u7-wend\">\n\n<div class=\"wp-block-columns alignwide is-layout-flex wp-container-core-columns-is-layout-28f84493 wp-block-columns-is-layout-flex\">\n<div class=\"wp-block-column is-layout-flow wp-block-column-is-layout-flow\" style=\"flex-basis:66.66%\"><\/div>\n\n\n\n<div class=\"wp-block-column is-layout-flow wp-block-column-is-layout-flow\" style=\"flex-basis:33.33%\"><h2 class=\"wp-block-post-title\"><a href=\"https:\/\/www.jugendfussball-wendelstein.de\/wordpress\/saisonabschluss-geglueckt\/\" target=\"_self\" >Saisonabschluss gegl\u00fcckt!<\/a><\/h2>\n\n<div class=\"wp-block-post-excerpt\"><p class=\"wp-block-post-excerpt__excerpt\">28.10.2017 : Ein Bericht vom Wochenende unserer Minis Auch im 3. BFV Turnier best\u00e4tigten unsere Mini Blues ihren Aufw\u00e4rtstrend und gehen mit einem 2. Platz in die Winterpause. Uns empfing eine gastfreundliche TSG Roth, die zwei Mannschaften stellte. Zus\u00e4tzliche Gegner waren die DJK Abenberg, sowie der SV Unterreichenbach. Nachdem die ersten drei Spiele gewonnen wurden,&hellip; <\/p><\/div><\/div>\n<\/div>\n\n<\/li><li class=\"wp-block-post post-5083 post type-post status-publish format-standard hentry category-kf category-spielbericht category-u7-wend\">\n\n<div class=\"wp-block-columns alignwide is-layout-flex wp-container-core-columns-is-layout-28f84493 wp-block-columns-is-layout-flex\">\n<div class=\"wp-block-column is-layout-flow wp-block-column-is-layout-flow\" style=\"flex-basis:66.66%\"><\/div>\n\n\n\n<div class=\"wp-block-column is-layout-flow wp-block-column-is-layout-flow\" style=\"flex-basis:33.33%\"><h2 class=\"wp-block-post-title\"><a href=\"https:\/\/www.jugendfussball-wendelstein.de\/wordpress\/wilde-loewen-auf-grosser-reise\/\" target=\"_self\" >Wilde L\u00f6wen auf gro\u00dfer Reise<\/a><\/h2>\n\n<div class=\"wp-block-post-excerpt\"><p class=\"wp-block-post-excerpt__excerpt\">Dieses Wochenende wird der ganzen Mannschaft noch lange in Erinnerung bleiben: Die Wendelsteiner U7 machte sich zum ersten Mal auf eine gro\u00dfe Reise und kehrte mit vielen tollen Erlebnissen in die Heimat zur\u00fcck. Am Freitag nahmen die wilden L\u00f6wen an einem hochklassigen Turnier bei der FT 09 Starnberg teil. Zwar wird auch in Mittelfranken starker&hellip; <\/p><\/div><\/div>\n<\/div>\n\n<\/li><li class=\"wp-block-post post-5081 post type-post status-publish format-standard hentry category-kf category-spielbericht category-u7-wend\">\n\n<div class=\"wp-block-columns alignwide is-layout-flex wp-container-core-columns-is-layout-28f84493 wp-block-columns-is-layout-flex\">\n<div class=\"wp-block-column is-layout-flow wp-block-column-is-layout-flow\" style=\"flex-basis:66.66%\"><\/div>\n\n\n\n<div class=\"wp-block-column is-layout-flow wp-block-column-is-layout-flow\" style=\"flex-basis:33.33%\"><h2 class=\"wp-block-post-title\"><a href=\"https:\/\/www.jugendfussball-wendelstein.de\/wordpress\/zweiter-platz-fuer-die-wilden-jfg-loewen\/\" target=\"_self\" >Zweiter Platz f\u00fcr die wilden JFG &#8211; L\u00f6wen<\/a><\/h2>\n\n<div class=\"wp-block-post-excerpt\"><p class=\"wp-block-post-excerpt__excerpt\">Auch verlieren geh\u00f6rt im Fu\u00dfball dazu &#8230; Nach 18 Spielen ohne Niederlage hat es die Wendelsteiner U7 im letzten Spiel der BFV-Fr\u00fchjahrsrunde erstmals erwischt. Nach einem tollen\u00a0Heimturnier landete\u00a0sie auf\u00a0Platz zwei.Zwar fanden nur vier Teams den Weg in die Marktgemeinde, doch die waren alle richtig stark. In der Vorrunde lief es perfekt f\u00fcr die wilden L\u00f6wen:&hellip; <\/p><\/div><\/div>\n<\/div>\n\n<\/li><li class=\"wp-block-post post-5063 post type-post status-publish format-standard hentry category-kf category-spielbericht category-u7-wend\">\n\n<div class=\"wp-block-columns alignwide is-layout-flex wp-container-core-columns-is-layout-28f84493 wp-block-columns-is-layout-flex\">\n<div class=\"wp-block-column is-layout-flow wp-block-column-is-layout-flow\" style=\"flex-basis:66.66%\"><\/div>\n\n\n\n<div class=\"wp-block-column is-layout-flow wp-block-column-is-layout-flow\" style=\"flex-basis:33.33%\"><h2 class=\"wp-block-post-title\"><a href=\"https:\/\/www.jugendfussball-wendelstein.de\/wordpress\/u7-mit-sieg-auf-die-kirchweih\/\" target=\"_self\" >U7 mit Sieg auf die Kirchweih<\/a><\/h2>\n\n<div class=\"wp-block-post-excerpt\"><p class=\"wp-block-post-excerpt__excerpt\">Erst ein Fu\u00dfballturnier gewinnen und dann gemeinsam auf die K\u00e4rwa: Das Wochenende war perfekt f\u00fcr die Wendelsteiner U7. In Feucht schafften die wilden L\u00f6wen ihren n\u00e4chsten Sieg \u2013 den dritten in der BFV-Fr\u00fchjahrsrunde. Zum Auftakt gab es ein sicheres 2:0 gegen M\u00fchlhof. Dann wartete der erste dicke Brocken: Der starke TV Schwabach kam nach Oles&hellip; <\/p><\/div><\/div>\n<\/div>\n\n<\/li><li class=\"wp-block-post post-5022 post type-post status-publish format-standard hentry category-kf category-spielbericht category-u7-wend\">\n\n<div class=\"wp-block-columns alignwide is-layout-flex wp-container-core-columns-is-layout-28f84493 wp-block-columns-is-layout-flex\">\n<div class=\"wp-block-column is-layout-flow wp-block-column-is-layout-flow\" style=\"flex-basis:66.66%\"><\/div>\n\n\n\n<div class=\"wp-block-column is-layout-flow wp-block-column-is-layout-flow\" style=\"flex-basis:33.33%\"><h2 class=\"wp-block-post-title\"><a href=\"https:\/\/www.jugendfussball-wendelstein.de\/wordpress\/neue-trikots-fuer-die-u7-dank-skan-design\/\" target=\"_self\" >Neue Trikots f\u00fcr die U7 \u2013 dank Skan Design<\/a><\/h2>\n\n<div class=\"wp-block-post-excerpt\"><p class=\"wp-block-post-excerpt__excerpt\">Die guten Leistungen der Wendelsteiner U7 und die engagierte Nachwuchsarbeit der JFG haben sich in der Region herumgesprochen. Jetzt gab es f\u00fcr die wilden L\u00f6wen eine feine Belohnung: Skan Design, der Trendladen f\u00fcr Naturholzm\u00f6bel, hat einen neuen Satz Trikots, Hosen und Stutzen\u00a0f\u00fcr die Kinder gespendet. \u201eWir freuen uns immer, kleineren Vereinen zu helfen, die viel&hellip; <\/p><\/div><\/div>\n<\/div>\n\n<\/li><li class=\"wp-block-post post-5016 post type-post status-publish format-standard hentry category-kf category-spielbericht category-u7-wend\">\n\n<div class=\"wp-block-columns alignwide is-layout-flex wp-container-core-columns-is-layout-28f84493 wp-block-columns-is-layout-flex\">\n<div class=\"wp-block-column is-layout-flow wp-block-column-is-layout-flow\" style=\"flex-basis:66.66%\"><\/div>\n\n\n\n<div class=\"wp-block-column is-layout-flow wp-block-column-is-layout-flow\" style=\"flex-basis:33.33%\"><h2 class=\"wp-block-post-title\"><a href=\"https:\/\/www.jugendfussball-wendelstein.de\/wordpress\/regen-und-matsch-ein-fest-fuer-die-u7\/\" target=\"_self\" >Regen und Matsch \u2013 ein Fest f\u00fcr die U7<\/a><\/h2>\n\n<div class=\"wp-block-post-excerpt\"><p class=\"wp-block-post-excerpt__excerpt\">Der Rasen nass, die Trikots schmutzig, jede Gr\u00e4tsche ein Abenteuer \u2013 das U7-Turnier in Penzendorf war voll nach dem Geschmack der Wendelsteiner Kinder. Bevor das Unwetter aufzog, wurden die wilden L\u00f6wen dreimal von guten Gegnern gefordert. Gegen die defensivstarken Kleinschwarzenloher erm\u00f6glichte Benjamins Pressing sein 1:0-Siegtor. Gegen Wolkersdorf I und Penzendorf geriet die Mannschaft zweimal fr\u00fch&hellip; <\/p><\/div><\/div>\n<\/div>\n\n<\/li><li class=\"wp-block-post post-4994 post type-post status-publish format-standard hentry category-kf category-spielbericht category-u7-wend\">\n\n<div class=\"wp-block-columns alignwide is-layout-flex wp-container-core-columns-is-layout-28f84493 wp-block-columns-is-layout-flex\">\n<div class=\"wp-block-column is-layout-flow wp-block-column-is-layout-flow\" style=\"flex-basis:66.66%\"><\/div>\n\n\n\n<div class=\"wp-block-column is-layout-flow wp-block-column-is-layout-flow\" style=\"flex-basis:33.33%\"><h2 class=\"wp-block-post-title\"><a href=\"https:\/\/www.jugendfussball-wendelstein.de\/wordpress\/top-start-fuer-die-wilden-loewen\/\" target=\"_self\" >Top-Start f\u00fcr die wilden L\u00f6wen<\/a><\/h2>\n\n<div class=\"wp-block-post-excerpt\"><p class=\"wp-block-post-excerpt__excerpt\">Man muss auch mal Gl\u00fcck haben\u2026 Genau einen sch\u00f6nen Sonnentag hatte dieser verregnete Mai bislang \u2013 und an diesem startete die Fr\u00fchjahrsrunde f\u00fcr die U7-Kicker. Der Wendelsteiner Nachwuchs reiste nach Rednitzhembach und kehrte mit einem verdienten Turniersieg zur\u00fcck nach Hause. Leonardo, Valentin, Yago, Henrik, Marek, Ole, Marlon P., Marlon S., Finn und Lucy hatten es&hellip; <\/p><\/div><\/div>\n<\/div>\n\n<\/li><li class=\"wp-block-post post-4875 post type-post status-publish format-standard hentry category-kf category-spielbericht category-u7-wend\">\n\n<div class=\"wp-block-columns alignwide is-layout-flex wp-container-core-columns-is-layout-28f84493 wp-block-columns-is-layout-flex\">\n<div class=\"wp-block-column is-layout-flow wp-block-column-is-layout-flow\" style=\"flex-basis:66.66%\"><\/div>\n\n\n\n<div class=\"wp-block-column is-layout-flow wp-block-column-is-layout-flow\" style=\"flex-basis:33.33%\"><h2 class=\"wp-block-post-title\"><a href=\"https:\/\/www.jugendfussball-wendelstein.de\/wordpress\/29-tore-wilde-loewen-furios\/\" target=\"_self\" >29 Tore! Wilde L\u00f6wen furios<\/a><\/h2>\n\n<div class=\"wp-block-post-excerpt\"><p class=\"wp-block-post-excerpt__excerpt\">Nach vielen Turnieren in der Nachbarschaft reiste die Wendelsteiner U7 zum ersten Mal nach Neumarkt, um dort neue Teams und Gegner kennenzulernen. Es lohnte sich: Die Mannschaft spielte furios und fuhr hochverdient den n\u00e4chsten Sieg ein. Tolle Halle, gro\u00dfe Tore, Rundumbande \u2013 die Rahmenbedingungen beim Cup des TSV Wolfstein waren perfekt. Die wilden L\u00f6wen, diesmal&hellip; <\/p><\/div><\/div>\n<\/div>\n\n<\/li><\/ul><\/div>\n<\/div>\n<\/div>\n\n\n","protected":false},"excerpt":{"rendered":"<p>Aktuelle Infos rund um die U7-2:<\/p>\n","protected":false},"author":8,"featured_media":0,"parent":0,"menu_order":0,"comment_status":"closed","ping_status":"closed","template":"full-width","meta":{"saved_in_kubio":true,"footnotes":""},"class_list":["post-10250","page","type-page","status-publish","hentry"],"kubio_ai_page_context":{"short_desc":"","purpose":"general"},"yoast_head":"<!-- This site is optimized with the Yoast SEO plugin v26.7 - https:\/\/yoast.com\/wordpress\/plugins\/seo\/ -->\n<title>U7-2 - JFG Wendelstein<\/title>\n<meta name=\"robots\" content=\"index, follow, max-snippet:-1, max-image-preview:large, max-video-preview:-1\" \/>\n<link rel=\"canonical\" href=\"https:\/\/www.jugendfussball-wendelstein.de\/wordpress\/u07-2\/\" \/>\n<meta property=\"og:locale\" content=\"de_DE\" \/>\n<meta property=\"og:type\" content=\"article\" \/>\n<meta property=\"og:title\" content=\"U7-2 - JFG Wendelstein\" \/>\n<meta property=\"og:description\" content=\"Aktuelle Infos rund um die U7-2:\" \/>\n<meta property=\"og:url\" content=\"https:\/\/www.jugendfussball-wendelstein.de\/wordpress\/u07-2\/\" \/>\n<meta property=\"og:site_name\" content=\"JFG Wendelstein\" \/>\n<meta property=\"article:modified_time\" content=\"2024-12-10T14:05:05+00:00\" \/>\n<meta property=\"og:image\" content=\"https:\/\/www.jugendfussball-wendelstein.de\/wordpress\/wp-content\/uploads\/2024\/11\/kf.jpeg\" \/>\n<meta name=\"twitter:card\" content=\"summary_large_image\" \/>\n<meta name=\"twitter:label1\" content=\"Gesch\u00e4tzte Lesezeit\" \/>\n\t<meta name=\"twitter:data1\" content=\"1\u00a0Minute\" \/>\n<script type=\"application\/ld+json\" class=\"yoast-schema-graph\">{\"@context\":\"https:\/\/schema.org\",\"@graph\":[{\"@type\":\"WebPage\",\"@id\":\"https:\/\/www.jugendfussball-wendelstein.de\/wordpress\/u07-2\/\",\"url\":\"https:\/\/www.jugendfussball-wendelstein.de\/wordpress\/u07-2\/\",\"name\":\"U7-2 - JFG Wendelstein\",\"isPartOf\":{\"@id\":\"https:\/\/www.jugendfussball-wendelstein.de\/wordpress\/#website\"},\"primaryImageOfPage\":{\"@id\":\"https:\/\/www.jugendfussball-wendelstein.de\/wordpress\/u07-2\/#primaryimage\"},\"image\":{\"@id\":\"https:\/\/www.jugendfussball-wendelstein.de\/wordpress\/u07-2\/#primaryimage\"},\"thumbnailUrl\":\"https:\/\/www.jugendfussball-wendelstein.de\/wordpress\/wp-content\/uploads\/2024\/11\/kf.jpeg\",\"datePublished\":\"2024-10-12T10:20:50+00:00\",\"dateModified\":\"2024-12-10T14:05:05+00:00\",\"breadcrumb\":{\"@id\":\"https:\/\/www.jugendfussball-wendelstein.de\/wordpress\/u07-2\/#breadcrumb\"},\"inLanguage\":\"de\",\"potentialAction\":[{\"@type\":\"ReadAction\",\"target\":[\"https:\/\/www.jugendfussball-wendelstein.de\/wordpress\/u07-2\/\"]}]},{\"@type\":\"ImageObject\",\"inLanguage\":\"de\",\"@id\":\"https:\/\/www.jugendfussball-wendelstein.de\/wordpress\/u07-2\/#primaryimage\",\"url\":\"https:\/\/www.jugendfussball-wendelstein.de\/wordpress\/wp-content\/uploads\/2024\/11\/kf.jpeg\",\"contentUrl\":\"https:\/\/www.jugendfussball-wendelstein.de\/wordpress\/wp-content\/uploads\/2024\/11\/kf.jpeg\",\"width\":300,\"height\":300},{\"@type\":\"BreadcrumbList\",\"@id\":\"https:\/\/www.jugendfussball-wendelstein.de\/wordpress\/u07-2\/#breadcrumb\",\"itemListElement\":[{\"@type\":\"ListItem\",\"position\":1,\"name\":\"Startseite\",\"item\":\"https:\/\/www.jugendfussball-wendelstein.de\/wordpress\/\"},{\"@type\":\"ListItem\",\"position\":2,\"name\":\"U7-2\"}]},{\"@type\":\"WebSite\",\"@id\":\"https:\/\/www.jugendfussball-wendelstein.de\/wordpress\/#website\",\"url\":\"https:\/\/www.jugendfussball-wendelstein.de\/wordpress\/\",\"name\":\"JFG Wendelstein\",\"description\":\"Juniorenfu\u00dfball\",\"potentialAction\":[{\"@type\":\"SearchAction\",\"target\":{\"@type\":\"EntryPoint\",\"urlTemplate\":\"https:\/\/www.jugendfussball-wendelstein.de\/wordpress\/?s={search_term_string}\"},\"query-input\":{\"@type\":\"PropertyValueSpecification\",\"valueRequired\":true,\"valueName\":\"search_term_string\"}}],\"inLanguage\":\"de\"}]}<\/script>\n<!-- \/ Yoast SEO plugin. -->","yoast_head_json":{"title":"U7-2 - JFG Wendelstein","robots":{"index":"index","follow":"follow","max-snippet":"max-snippet:-1","max-image-preview":"max-image-preview:large","max-video-preview":"max-video-preview:-1"},"canonical":"https:\/\/www.jugendfussball-wendelstein.de\/wordpress\/u07-2\/","og_locale":"de_DE","og_type":"article","og_title":"U7-2 - JFG Wendelstein","og_description":"Aktuelle Infos rund um die U7-2:","og_url":"https:\/\/www.jugendfussball-wendelstein.de\/wordpress\/u07-2\/","og_site_name":"JFG Wendelstein","article_modified_time":"2024-12-10T14:05:05+00:00","og_image":[{"url":"https:\/\/www.jugendfussball-wendelstein.de\/wordpress\/wp-content\/uploads\/2024\/11\/kf.jpeg","type":"","width":"","height":""}],"twitter_card":"summary_large_image","twitter_misc":{"Gesch\u00e4tzte Lesezeit":"1\u00a0Minute"},"schema":{"@context":"https:\/\/schema.org","@graph":[{"@type":"WebPage","@id":"https:\/\/www.jugendfussball-wendelstein.de\/wordpress\/u07-2\/","url":"https:\/\/www.jugendfussball-wendelstein.de\/wordpress\/u07-2\/","name":"U7-2 - JFG Wendelstein","isPartOf":{"@id":"https:\/\/www.jugendfussball-wendelstein.de\/wordpress\/#website"},"primaryImageOfPage":{"@id":"https:\/\/www.jugendfussball-wendelstein.de\/wordpress\/u07-2\/#primaryimage"},"image":{"@id":"https:\/\/www.jugendfussball-wendelstein.de\/wordpress\/u07-2\/#primaryimage"},"thumbnailUrl":"https:\/\/www.jugendfussball-wendelstein.de\/wordpress\/wp-content\/uploads\/2024\/11\/kf.jpeg","datePublished":"2024-10-12T10:20:50+00:00","dateModified":"2024-12-10T14:05:05+00:00","breadcrumb":{"@id":"https:\/\/www.jugendfussball-wendelstein.de\/wordpress\/u07-2\/#breadcrumb"},"inLanguage":"de","potentialAction":[{"@type":"ReadAction","target":["https:\/\/www.jugendfussball-wendelstein.de\/wordpress\/u07-2\/"]}]},{"@type":"ImageObject","inLanguage":"de","@id":"https:\/\/www.jugendfussball-wendelstein.de\/wordpress\/u07-2\/#primaryimage","url":"https:\/\/www.jugendfussball-wendelstein.de\/wordpress\/wp-content\/uploads\/2024\/11\/kf.jpeg","contentUrl":"https:\/\/www.jugendfussball-wendelstein.de\/wordpress\/wp-content\/uploads\/2024\/11\/kf.jpeg","width":300,"height":300},{"@type":"BreadcrumbList","@id":"https:\/\/www.jugendfussball-wendelstein.de\/wordpress\/u07-2\/#breadcrumb","itemListElement":[{"@type":"ListItem","position":1,"name":"Startseite","item":"https:\/\/www.jugendfussball-wendelstein.de\/wordpress\/"},{"@type":"ListItem","position":2,"name":"U7-2"}]},{"@type":"WebSite","@id":"https:\/\/www.jugendfussball-wendelstein.de\/wordpress\/#website","url":"https:\/\/www.jugendfussball-wendelstein.de\/wordpress\/","name":"JFG Wendelstein","description":"Juniorenfu\u00dfball","potentialAction":[{"@type":"SearchAction","target":{"@type":"EntryPoint","urlTemplate":"https:\/\/www.jugendfussball-wendelstein.de\/wordpress\/?s={search_term_string}"},"query-input":{"@type":"PropertyValueSpecification","valueRequired":true,"valueName":"search_term_string"}}],"inLanguage":"de"}]}},"_links":{"self":[{"href":"https:\/\/www.jugendfussball-wendelstein.de\/wordpress\/wp-json\/wp\/v2\/pages\/10250","targetHints":{"allow":["GET"]}}],"collection":[{"href":"https:\/\/www.jugendfussball-wendelstein.de\/wordpress\/wp-json\/wp\/v2\/pages"}],"about":[{"href":"https:\/\/www.jugendfussball-wendelstein.de\/wordpress\/wp-json\/wp\/v2\/types\/page"}],"author":[{"embeddable":true,"href":"https:\/\/www.jugendfussball-wendelstein.de\/wordpress\/wp-json\/wp\/v2\/users\/8"}],"replies":[{"embeddable":true,"href":"https:\/\/www.jugendfussball-wendelstein.de\/wordpress\/wp-json\/wp\/v2\/comments?post=10250"}],"version-history":[{"count":0,"href":"https:\/\/www.jugendfussball-wendelstein.de\/wordpress\/wp-json\/wp\/v2\/pages\/10250\/revisions"}],"wp:attachment":[{"href":"https:\/\/www.jugendfussball-wendelstein.de\/wordpress\/wp-json\/wp\/v2\/media?parent=10250"}],"curies":[{"name":"wp","href":"https:\/\/api.w.org\/{rel}","templated":true}]}}