{"id":10411,"date":"2024-11-09T20:52:57","date_gmt":"2024-11-09T19:52:57","guid":{"rendered":"https:\/\/www.jugendfussball-wendelstein.de\/wordpress\/?page_id=10411"},"modified":"2025-09-24T15:22:39","modified_gmt":"2025-09-24T13:22:39","slug":"u12-3","status":"publish","type":"page","link":"https:\/\/www.jugendfussball-wendelstein.de\/wordpress\/u12-3\/","title":{"rendered":"U12-2 Kreisklasse"},"content":{"rendered":"<p><script type='text\/javascript' src=\"https:\/\/widget-prod.bfv.de\/widget\/widgetresource\/widgetjs\"><\/script><\/p>\n\n\n\n\n\n\n\n\n<div class=\"wp-block-columns is-layout-flex wp-container-core-columns-is-layout-28f84493 wp-block-columns-is-layout-flex\">\n<div class=\"wp-block-column is-layout-flow wp-block-column-is-layout-flow\" style=\"flex-basis:100%\">\n<h2>Aktuelle Infos rund um unsere U12-2 Saison 2025\/26:<\/h2>\n\n\n\n<div class=\"wp-block-query is-layout-flow wp-block-query-is-layout-flow\"><ul class=\"wp-block-post-template is-layout-flow wp-block-post-template-is-layout-flow\"><li class=\"wp-block-post post-13068 post type-post status-publish format-standard has-post-thumbnail hentry category-26-team-u12-2 category-allgemein\">\n\n<div class=\"wp-block-columns alignwide is-layout-flex wp-container-core-columns-is-layout-28f84493 wp-block-columns-is-layout-flex\">\n<div class=\"wp-block-column is-layout-flow wp-block-column-is-layout-flow\" style=\"flex-basis:66.66%\"><figure class=\"wp-block-post-featured-image\"><a href=\"https:\/\/www.jugendfussball-wendelstein.de\/wordpress\/pandel-cup-2025-leidenschaft-bis-zum-letzten-ball-%e2%9d%a4%ef%b8%8f%f0%9f%94%a5\/\" target=\"_self\"  ><img loading=\"lazy\" decoding=\"async\" width=\"1500\" height=\"698\" src=\"https:\/\/www.jugendfussball-wendelstein.de\/wordpress\/wp-content\/uploads\/2025\/12\/150.jpg\" class=\"attachment-post-thumbnail size-post-thumbnail wp-post-image\" alt=\"PANDEL CUP 2025: Leidenschaft bis zum letzten Ball &#x2764;&#xfe0f;&#x200d;&#x1f525;\" style=\"object-fit:cover;\" srcset=\"https:\/\/www.jugendfussball-wendelstein.de\/wordpress\/wp-content\/uploads\/2025\/12\/150.jpg 1500w, https:\/\/www.jugendfussball-wendelstein.de\/wordpress\/wp-content\/uploads\/2025\/12\/150-350x163.jpg 350w, https:\/\/www.jugendfussball-wendelstein.de\/wordpress\/wp-content\/uploads\/2025\/12\/150-1024x477.jpg 1024w, https:\/\/www.jugendfussball-wendelstein.de\/wordpress\/wp-content\/uploads\/2025\/12\/150-768x357.jpg 768w\" sizes=\"(max-width: 1500px) 100vw, 1500px\" \/><\/a><\/figure><\/div>\n\n\n\n<div class=\"wp-block-column is-layout-flow wp-block-column-is-layout-flow\" style=\"flex-basis:33.33%\"><h2 class=\"wp-block-post-title\"><a href=\"https:\/\/www.jugendfussball-wendelstein.de\/wordpress\/pandel-cup-2025-leidenschaft-bis-zum-letzten-ball-%e2%9d%a4%ef%b8%8f%f0%9f%94%a5\/\" target=\"_self\" >PANDEL CUP 2025: Leidenschaft bis zum letzten Ball &#x2764;&#xfe0f;&#x200d;&#x1f525;<\/a><\/h2>\n\n<div class=\"wp-block-post-excerpt\"><p class=\"wp-block-post-excerpt__excerpt\">Die U12-2 der JFG Wendelstein richtete mit dem PANDEL CUP 2025 ihr erstes Hallen-Heimturnier aus. Daf\u00fcr hatte sich das Trainerteam bewusst keine leichten Gegner eingeladen &#8211; was f\u00fcr extrem spannende Matches sorgte. &#x1f4a5; Team Blau \u00fcberzeugte in der Vorrunde durch tolles Zusammenspiel und unerm\u00fcdlichen Einsatz. Leider verpassten die Kids etwas ungl\u00fccklich den Einzug in die&hellip; <\/p><\/div><\/div>\n<\/div>\n\n<\/li><li class=\"wp-block-post post-12980 post type-post status-publish format-standard has-post-thumbnail hentry category-26-team-u12-2 category-allgemein\">\n\n<div class=\"wp-block-columns alignwide is-layout-flex wp-container-core-columns-is-layout-28f84493 wp-block-columns-is-layout-flex\">\n<div class=\"wp-block-column is-layout-flow wp-block-column-is-layout-flow\" style=\"flex-basis:66.66%\"><figure class=\"wp-block-post-featured-image\"><a href=\"https:\/\/www.jugendfussball-wendelstein.de\/wordpress\/vom-fussballplatz-in-die-arena\/\" target=\"_self\"  ><img loading=\"lazy\" decoding=\"async\" width=\"2200\" height=\"1162\" src=\"https:\/\/www.jugendfussball-wendelstein.de\/wordpress\/wp-content\/uploads\/2025\/11\/222.jpg\" class=\"attachment-post-thumbnail size-post-thumbnail wp-post-image\" alt=\"Vom Fu\u00dfballplatz in die Arena\" style=\"object-fit:cover;\" srcset=\"https:\/\/www.jugendfussball-wendelstein.de\/wordpress\/wp-content\/uploads\/2025\/11\/222.jpg 2200w, https:\/\/www.jugendfussball-wendelstein.de\/wordpress\/wp-content\/uploads\/2025\/11\/222-350x185.jpg 350w, https:\/\/www.jugendfussball-wendelstein.de\/wordpress\/wp-content\/uploads\/2025\/11\/222-1024x541.jpg 1024w, https:\/\/www.jugendfussball-wendelstein.de\/wordpress\/wp-content\/uploads\/2025\/11\/222-768x406.jpg 768w, https:\/\/www.jugendfussball-wendelstein.de\/wordpress\/wp-content\/uploads\/2025\/11\/222-1536x811.jpg 1536w, https:\/\/www.jugendfussball-wendelstein.de\/wordpress\/wp-content\/uploads\/2025\/11\/222-2048x1082.jpg 2048w, https:\/\/www.jugendfussball-wendelstein.de\/wordpress\/wp-content\/uploads\/2025\/11\/222-1920x1014.jpg 1920w\" sizes=\"(max-width: 2200px) 100vw, 2200px\" \/><\/a><\/figure><\/div>\n\n\n\n<div class=\"wp-block-column is-layout-flow wp-block-column-is-layout-flow\" style=\"flex-basis:33.33%\"><h2 class=\"wp-block-post-title\"><a href=\"https:\/\/www.jugendfussball-wendelstein.de\/wordpress\/vom-fussballplatz-in-die-arena\/\" target=\"_self\" >Vom Fu\u00dfballplatz in die Arena<\/a><\/h2>\n\n<div class=\"wp-block-post-excerpt\"><p class=\"wp-block-post-excerpt__excerpt\">Hinter der U12-2 der JFG Wendelstein liegt die erste Saison auf dem Kompaktfeld \u2013 eine Zeit voller neuer Erfahrungen und sichtbarer Entwicklung. Mit einer starken Leistung hat sich die D4 in der Kreisklasse bei sehr guter Wertung einen respektablen dritten Platz erk\u00e4mpft. &#x1f973; Der erfolgreiche Abschluss der Herbstrunde wurde mit einem Teambuilding-Event gefeiert. Bei leckerem&hellip; <\/p><\/div><\/div>\n<\/div>\n\n<\/li><li class=\"wp-block-post post-12914 post type-post status-publish format-standard has-post-thumbnail hentry category-26-team-u12-2 category-allgemein\">\n\n<div class=\"wp-block-columns alignwide is-layout-flex wp-container-core-columns-is-layout-28f84493 wp-block-columns-is-layout-flex\">\n<div class=\"wp-block-column is-layout-flow wp-block-column-is-layout-flow\" style=\"flex-basis:66.66%\"><figure class=\"wp-block-post-featured-image\"><a href=\"https:\/\/www.jugendfussball-wendelstein.de\/wordpress\/kampfgeist-wird-belohnt\/\" target=\"_self\"  ><img loading=\"lazy\" decoding=\"async\" width=\"2560\" height=\"1455\" src=\"https:\/\/www.jugendfussball-wendelstein.de\/wordpress\/wp-content\/uploads\/2025\/10\/asd-scaled.jpg\" class=\"attachment-post-thumbnail size-post-thumbnail wp-post-image\" alt=\"Kampfgeist wird belohnt\" style=\"object-fit:cover;\" srcset=\"https:\/\/www.jugendfussball-wendelstein.de\/wordpress\/wp-content\/uploads\/2025\/10\/asd-scaled.jpg 2560w, https:\/\/www.jugendfussball-wendelstein.de\/wordpress\/wp-content\/uploads\/2025\/10\/asd-350x199.jpg 350w, https:\/\/www.jugendfussball-wendelstein.de\/wordpress\/wp-content\/uploads\/2025\/10\/asd-1024x582.jpg 1024w, https:\/\/www.jugendfussball-wendelstein.de\/wordpress\/wp-content\/uploads\/2025\/10\/asd-768x436.jpg 768w, https:\/\/www.jugendfussball-wendelstein.de\/wordpress\/wp-content\/uploads\/2025\/10\/asd-1536x873.jpg 1536w, https:\/\/www.jugendfussball-wendelstein.de\/wordpress\/wp-content\/uploads\/2025\/10\/asd-2048x1164.jpg 2048w, https:\/\/www.jugendfussball-wendelstein.de\/wordpress\/wp-content\/uploads\/2025\/10\/asd-1900x1080.jpg 1900w\" sizes=\"(max-width: 2560px) 100vw, 2560px\" \/><\/a><\/figure><\/div>\n\n\n\n<div class=\"wp-block-column is-layout-flow wp-block-column-is-layout-flow\" style=\"flex-basis:33.33%\"><h2 class=\"wp-block-post-title\"><a href=\"https:\/\/www.jugendfussball-wendelstein.de\/wordpress\/kampfgeist-wird-belohnt\/\" target=\"_self\" >Kampfgeist wird belohnt<\/a><\/h2>\n\n<div class=\"wp-block-post-excerpt\"><p class=\"wp-block-post-excerpt__excerpt\">Das Match der U12-2 gegen den SV Rednitzhembach I begann denkbar ung\u00fcnstig. Bereits in der 7. Minute geriet die JFG Wendelstein mit 0:1 in R\u00fcckstand. Doch die Kids lie\u00dfen sich nicht beirren und gingen in die Gegenoffensive. Schon in der 9. Minute fand der Ball den Weg ins Tor und die U12-2 in ihr Spiel&hellip; <\/p><\/div><\/div>\n<\/div>\n\n<\/li><li class=\"wp-block-post post-12875 post type-post status-publish format-standard has-post-thumbnail hentry category-26-team-u12-2 category-allgemein\">\n\n<div class=\"wp-block-columns alignwide is-layout-flex wp-container-core-columns-is-layout-28f84493 wp-block-columns-is-layout-flex\">\n<div class=\"wp-block-column is-layout-flow wp-block-column-is-layout-flow\" style=\"flex-basis:66.66%\"><figure class=\"wp-block-post-featured-image\"><a href=\"https:\/\/www.jugendfussball-wendelstein.de\/wordpress\/stark-gekaempft-und-verdient-gewonnen\/\" target=\"_self\"  ><img loading=\"lazy\" decoding=\"async\" width=\"2500\" height=\"953\" src=\"https:\/\/www.jugendfussball-wendelstein.de\/wordpress\/wp-content\/uploads\/2025\/09\/13.jpg\" class=\"attachment-post-thumbnail size-post-thumbnail wp-post-image\" alt=\"Stark gek\u00e4mpft und verdient gewonnen\" style=\"object-fit:cover;\" srcset=\"https:\/\/www.jugendfussball-wendelstein.de\/wordpress\/wp-content\/uploads\/2025\/09\/13.jpg 2500w, https:\/\/www.jugendfussball-wendelstein.de\/wordpress\/wp-content\/uploads\/2025\/09\/13-350x133.jpg 350w, https:\/\/www.jugendfussball-wendelstein.de\/wordpress\/wp-content\/uploads\/2025\/09\/13-1024x390.jpg 1024w, https:\/\/www.jugendfussball-wendelstein.de\/wordpress\/wp-content\/uploads\/2025\/09\/13-768x293.jpg 768w, https:\/\/www.jugendfussball-wendelstein.de\/wordpress\/wp-content\/uploads\/2025\/09\/13-1536x586.jpg 1536w, https:\/\/www.jugendfussball-wendelstein.de\/wordpress\/wp-content\/uploads\/2025\/09\/13-2048x781.jpg 2048w, https:\/\/www.jugendfussball-wendelstein.de\/wordpress\/wp-content\/uploads\/2025\/09\/13-1920x732.jpg 1920w\" sizes=\"(max-width: 2500px) 100vw, 2500px\" \/><\/a><\/figure><\/div>\n\n\n\n<div class=\"wp-block-column is-layout-flow wp-block-column-is-layout-flow\" style=\"flex-basis:33.33%\"><h2 class=\"wp-block-post-title\"><a href=\"https:\/\/www.jugendfussball-wendelstein.de\/wordpress\/stark-gekaempft-und-verdient-gewonnen\/\" target=\"_self\" >Stark gek\u00e4mpft und verdient gewonnen<\/a><\/h2>\n\n<div class=\"wp-block-post-excerpt\"><p class=\"wp-block-post-excerpt__excerpt\">Die U12-2 der JFG Wendelstein hat ihren ersten Sieg in der Kreisklasse eingefahren. In seinem zweiten Ligaspiel gegen die SG Schwand-Leerstetten I zeigte das Team von Beginn an eine starke Leistung und dominierte das Spielgeschehen. Die gut stehende Defensive lie\u00df dem Gegner kaum Chancen und erm\u00f6glichte gleichzeitig druckvolle Angriffe nach vorne. Dadurch konnten die Kids&hellip; <\/p><\/div><\/div>\n<\/div>\n\n<\/li><li class=\"wp-block-post post-12659 post type-post status-publish format-standard has-post-thumbnail hentry category-26-team-u12-2\">\n\n<div class=\"wp-block-columns alignwide is-layout-flex wp-container-core-columns-is-layout-28f84493 wp-block-columns-is-layout-flex\">\n<div class=\"wp-block-column is-layout-flow wp-block-column-is-layout-flow\" style=\"flex-basis:66.66%\"><figure class=\"wp-block-post-featured-image\"><a href=\"https:\/\/www.jugendfussball-wendelstein.de\/wordpress\/neues-team-neuer-sponsor-die-u12-2-startet-durch\/\" target=\"_self\"  ><img loading=\"lazy\" decoding=\"async\" width=\"1200\" height=\"732\" src=\"https:\/\/www.jugendfussball-wendelstein.de\/wordpress\/wp-content\/uploads\/2025\/09\/IMG_6947.jpg\" class=\"attachment-post-thumbnail size-post-thumbnail wp-post-image\" alt=\"Neues Team, neuer Sponsor: Die U12-2 startet durch\" style=\"object-fit:cover;\" srcset=\"https:\/\/www.jugendfussball-wendelstein.de\/wordpress\/wp-content\/uploads\/2025\/09\/IMG_6947.jpg 1200w, https:\/\/www.jugendfussball-wendelstein.de\/wordpress\/wp-content\/uploads\/2025\/09\/IMG_6947-350x214.jpg 350w, https:\/\/www.jugendfussball-wendelstein.de\/wordpress\/wp-content\/uploads\/2025\/09\/IMG_6947-1024x625.jpg 1024w, https:\/\/www.jugendfussball-wendelstein.de\/wordpress\/wp-content\/uploads\/2025\/09\/IMG_6947-768x468.jpg 768w\" sizes=\"(max-width: 1200px) 100vw, 1200px\" \/><\/a><\/figure><\/div>\n\n\n\n<div class=\"wp-block-column is-layout-flow wp-block-column-is-layout-flow\" style=\"flex-basis:33.33%\"><h2 class=\"wp-block-post-title\"><a href=\"https:\/\/www.jugendfussball-wendelstein.de\/wordpress\/neues-team-neuer-sponsor-die-u12-2-startet-durch\/\" target=\"_self\" >Neues Team, neuer Sponsor: Die U12-2 startet durch<\/a><\/h2>\n\n<div class=\"wp-block-post-excerpt\"><p class=\"wp-block-post-excerpt__excerpt\">Mit der U12-2 l\u00e4uft in der Saison 2025\/26 ein weiteres D-Jugendteam f\u00fcr die JFG Wendelstein auf. Die Mannschaft wird von Daniel Pandel (links) und Holger Unfried (rechts) trainiert und tritt in der Kreisklasse an. Schon in den ersten gemeinsamen Trainings und Eins\u00e4tzen haben die Kids jede Menge Teamspirit, Kampfgeist und vor allem Spielfreude sehen lassen.&hellip; <\/p><\/div><\/div>\n<\/div>\n\n<\/li><\/ul><\/div>\n<\/div>\n<\/div>\n","protected":false},"excerpt":{"rendered":"<p>Aktuelle Infos rund um unsere U12-2 Saison 2025\/26:<\/p>\n","protected":false},"author":11,"featured_media":0,"parent":0,"menu_order":0,"comment_status":"closed","ping_status":"closed","template":"full-width","meta":{"saved_in_kubio":true,"footnotes":""},"class_list":["post-10411","page","type-page","status-publish","hentry"],"kubio_ai_page_context":{"short_desc":"","purpose":"general"},"yoast_head":"<!-- This site is optimized with the Yoast SEO plugin v26.7 - https:\/\/yoast.com\/wordpress\/plugins\/seo\/ -->\n<title>U12-2 Kreisklasse - JFG Wendelstein<\/title>\n<meta name=\"robots\" content=\"index, follow, max-snippet:-1, max-image-preview:large, max-video-preview:-1\" \/>\n<link rel=\"canonical\" href=\"https:\/\/www.jugendfussball-wendelstein.de\/wordpress\/u12-3\/\" \/>\n<meta property=\"og:locale\" content=\"de_DE\" \/>\n<meta property=\"og:type\" content=\"article\" \/>\n<meta property=\"og:title\" content=\"U12-2 Kreisklasse - JFG Wendelstein\" \/>\n<meta property=\"og:description\" content=\"Aktuelle Infos rund um unsere U12-2 Saison 2025\/26:\" \/>\n<meta property=\"og:url\" content=\"https:\/\/www.jugendfussball-wendelstein.de\/wordpress\/u12-3\/\" \/>\n<meta property=\"og:site_name\" content=\"JFG Wendelstein\" \/>\n<meta property=\"article:modified_time\" content=\"2025-09-24T13:22:39+00:00\" \/>\n<meta property=\"og:image\" content=\"https:\/\/www.jugendfussball-wendelstein.de\/wordpress\/wp-content\/uploads\/2025\/08\/dp-1024x1024.png\" \/>\n<meta name=\"twitter:card\" content=\"summary_large_image\" \/>\n<meta name=\"twitter:label1\" content=\"Gesch\u00e4tzte Lesezeit\" \/>\n\t<meta name=\"twitter:data1\" content=\"1\u00a0Minute\" \/>\n<script type=\"application\/ld+json\" class=\"yoast-schema-graph\">{\"@context\":\"https:\/\/schema.org\",\"@graph\":[{\"@type\":\"WebPage\",\"@id\":\"https:\/\/www.jugendfussball-wendelstein.de\/wordpress\/u12-3\/\",\"url\":\"https:\/\/www.jugendfussball-wendelstein.de\/wordpress\/u12-3\/\",\"name\":\"U12-2 Kreisklasse - JFG Wendelstein\",\"isPartOf\":{\"@id\":\"https:\/\/www.jugendfussball-wendelstein.de\/wordpress\/#website\"},\"primaryImageOfPage\":{\"@id\":\"https:\/\/www.jugendfussball-wendelstein.de\/wordpress\/u12-3\/#primaryimage\"},\"image\":{\"@id\":\"https:\/\/www.jugendfussball-wendelstein.de\/wordpress\/u12-3\/#primaryimage\"},\"thumbnailUrl\":\"https:\/\/www.jugendfussball-wendelstein.de\/wordpress\/wp-content\/uploads\/2025\/08\/dp-1024x1024.png\",\"datePublished\":\"2024-11-09T19:52:57+00:00\",\"dateModified\":\"2025-09-24T13:22:39+00:00\",\"breadcrumb\":{\"@id\":\"https:\/\/www.jugendfussball-wendelstein.de\/wordpress\/u12-3\/#breadcrumb\"},\"inLanguage\":\"de\",\"potentialAction\":[{\"@type\":\"ReadAction\",\"target\":[\"https:\/\/www.jugendfussball-wendelstein.de\/wordpress\/u12-3\/\"]}]},{\"@type\":\"ImageObject\",\"inLanguage\":\"de\",\"@id\":\"https:\/\/www.jugendfussball-wendelstein.de\/wordpress\/u12-3\/#primaryimage\",\"url\":\"https:\/\/www.jugendfussball-wendelstein.de\/wordpress\/wp-content\/uploads\/2025\/08\/dp.png\",\"contentUrl\":\"https:\/\/www.jugendfussball-wendelstein.de\/wordpress\/wp-content\/uploads\/2025\/08\/dp.png\",\"width\":1028,\"height\":1028},{\"@type\":\"BreadcrumbList\",\"@id\":\"https:\/\/www.jugendfussball-wendelstein.de\/wordpress\/u12-3\/#breadcrumb\",\"itemListElement\":[{\"@type\":\"ListItem\",\"position\":1,\"name\":\"Startseite\",\"item\":\"https:\/\/www.jugendfussball-wendelstein.de\/wordpress\/\"},{\"@type\":\"ListItem\",\"position\":2,\"name\":\"U12-2 Kreisklasse\"}]},{\"@type\":\"WebSite\",\"@id\":\"https:\/\/www.jugendfussball-wendelstein.de\/wordpress\/#website\",\"url\":\"https:\/\/www.jugendfussball-wendelstein.de\/wordpress\/\",\"name\":\"JFG Wendelstein\",\"description\":\"Juniorenfu\u00dfball\",\"potentialAction\":[{\"@type\":\"SearchAction\",\"target\":{\"@type\":\"EntryPoint\",\"urlTemplate\":\"https:\/\/www.jugendfussball-wendelstein.de\/wordpress\/?s={search_term_string}\"},\"query-input\":{\"@type\":\"PropertyValueSpecification\",\"valueRequired\":true,\"valueName\":\"search_term_string\"}}],\"inLanguage\":\"de\"}]}<\/script>\n<!-- \/ Yoast SEO plugin. -->","yoast_head_json":{"title":"U12-2 Kreisklasse - JFG Wendelstein","robots":{"index":"index","follow":"follow","max-snippet":"max-snippet:-1","max-image-preview":"max-image-preview:large","max-video-preview":"max-video-preview:-1"},"canonical":"https:\/\/www.jugendfussball-wendelstein.de\/wordpress\/u12-3\/","og_locale":"de_DE","og_type":"article","og_title":"U12-2 Kreisklasse - JFG Wendelstein","og_description":"Aktuelle Infos rund um unsere U12-2 Saison 2025\/26:","og_url":"https:\/\/www.jugendfussball-wendelstein.de\/wordpress\/u12-3\/","og_site_name":"JFG Wendelstein","article_modified_time":"2025-09-24T13:22:39+00:00","og_image":[{"url":"https:\/\/www.jugendfussball-wendelstein.de\/wordpress\/wp-content\/uploads\/2025\/08\/dp-1024x1024.png","type":"","width":"","height":""}],"twitter_card":"summary_large_image","twitter_misc":{"Gesch\u00e4tzte Lesezeit":"1\u00a0Minute"},"schema":{"@context":"https:\/\/schema.org","@graph":[{"@type":"WebPage","@id":"https:\/\/www.jugendfussball-wendelstein.de\/wordpress\/u12-3\/","url":"https:\/\/www.jugendfussball-wendelstein.de\/wordpress\/u12-3\/","name":"U12-2 Kreisklasse - JFG Wendelstein","isPartOf":{"@id":"https:\/\/www.jugendfussball-wendelstein.de\/wordpress\/#website"},"primaryImageOfPage":{"@id":"https:\/\/www.jugendfussball-wendelstein.de\/wordpress\/u12-3\/#primaryimage"},"image":{"@id":"https:\/\/www.jugendfussball-wendelstein.de\/wordpress\/u12-3\/#primaryimage"},"thumbnailUrl":"https:\/\/www.jugendfussball-wendelstein.de\/wordpress\/wp-content\/uploads\/2025\/08\/dp-1024x1024.png","datePublished":"2024-11-09T19:52:57+00:00","dateModified":"2025-09-24T13:22:39+00:00","breadcrumb":{"@id":"https:\/\/www.jugendfussball-wendelstein.de\/wordpress\/u12-3\/#breadcrumb"},"inLanguage":"de","potentialAction":[{"@type":"ReadAction","target":["https:\/\/www.jugendfussball-wendelstein.de\/wordpress\/u12-3\/"]}]},{"@type":"ImageObject","inLanguage":"de","@id":"https:\/\/www.jugendfussball-wendelstein.de\/wordpress\/u12-3\/#primaryimage","url":"https:\/\/www.jugendfussball-wendelstein.de\/wordpress\/wp-content\/uploads\/2025\/08\/dp.png","contentUrl":"https:\/\/www.jugendfussball-wendelstein.de\/wordpress\/wp-content\/uploads\/2025\/08\/dp.png","width":1028,"height":1028},{"@type":"BreadcrumbList","@id":"https:\/\/www.jugendfussball-wendelstein.de\/wordpress\/u12-3\/#breadcrumb","itemListElement":[{"@type":"ListItem","position":1,"name":"Startseite","item":"https:\/\/www.jugendfussball-wendelstein.de\/wordpress\/"},{"@type":"ListItem","position":2,"name":"U12-2 Kreisklasse"}]},{"@type":"WebSite","@id":"https:\/\/www.jugendfussball-wendelstein.de\/wordpress\/#website","url":"https:\/\/www.jugendfussball-wendelstein.de\/wordpress\/","name":"JFG Wendelstein","description":"Juniorenfu\u00dfball","potentialAction":[{"@type":"SearchAction","target":{"@type":"EntryPoint","urlTemplate":"https:\/\/www.jugendfussball-wendelstein.de\/wordpress\/?s={search_term_string}"},"query-input":{"@type":"PropertyValueSpecification","valueRequired":true,"valueName":"search_term_string"}}],"inLanguage":"de"}]}},"_links":{"self":[{"href":"https:\/\/www.jugendfussball-wendelstein.de\/wordpress\/wp-json\/wp\/v2\/pages\/10411","targetHints":{"allow":["GET"]}}],"collection":[{"href":"https:\/\/www.jugendfussball-wendelstein.de\/wordpress\/wp-json\/wp\/v2\/pages"}],"about":[{"href":"https:\/\/www.jugendfussball-wendelstein.de\/wordpress\/wp-json\/wp\/v2\/types\/page"}],"author":[{"embeddable":true,"href":"https:\/\/www.jugendfussball-wendelstein.de\/wordpress\/wp-json\/wp\/v2\/users\/11"}],"replies":[{"embeddable":true,"href":"https:\/\/www.jugendfussball-wendelstein.de\/wordpress\/wp-json\/wp\/v2\/comments?post=10411"}],"version-history":[{"count":0,"href":"https:\/\/www.jugendfussball-wendelstein.de\/wordpress\/wp-json\/wp\/v2\/pages\/10411\/revisions"}],"wp:attachment":[{"href":"https:\/\/www.jugendfussball-wendelstein.de\/wordpress\/wp-json\/wp\/v2\/media?parent=10411"}],"curies":[{"name":"wp","href":"https:\/\/api.w.org\/{rel}","templated":true}]}}